{"id":4009,"date":"2023-08-23T22:45:21","date_gmt":"2023-08-23T20:45:21","guid":{"rendered":"https:\/\/www.tinytattoosibiza.com\/price\/"},"modified":"2025-03-26T19:23:21","modified_gmt":"2025-03-26T18:23:21","slug":"price","status":"publish","type":"page","link":"https:\/\/www.tinytattoosibiza.com\/de\/price\/","title":{"rendered":"Unsere Preise: Tiny Tattoos von gro\u00dfer Wert"},"content":{"rendered":"\r\n<p>In der Ibiza Lounge kosten die Tiny Tattoos ab 50,- fur Gruppen ab 3 Personen. Wir glauben an Qualit\u00e4t, Pr\u00e4zision und individuelle Kreativit\u00e4t. Unser Preismodell f\u00fcr Tiny Tattoos spiegelt diese Werte wieder und gibt Ihnen die M\u00f6glichkeit, Ihr perfektes Miniaturkunstwerk zu einem fairen Preis zu erhalten.<\/p>\r\n<p><strong>Preise ab 50 Euro:<\/strong> Unsere Preise f\u00fcr Tiny Tattos beginnen bei 50 Euro. Diese Grundkosten decken einfache Designs und minimalen Aufwand ab. Sie k\u00f6nnen sicher sein, dass Sie ein erschwingliches Tiny Tattoo erhalten, die dennoch von h\u00f6chster Qualit\u00e4t sind.<\/p>\r\n<p><strong>Individuelle Kostenvoranschl\u00e4ge:<\/strong> Tiny Tattoos oft komplizierte Details erfordern und von der Genauigkeit der Linien abh\u00e4ngen, bieten wir individuelle Kostenvoranschl\u00e4ge auf der Grundlage des von Ihnen gew\u00e4hlten Designs an. So k\u00f6nnen wir den Arbeitsaufwand angemessen ber\u00fccksichtigen.<\/p>\r\n<p><strong>Schwierigkeitsgrad und Genauigkeit:<\/strong> Der Preis Ihrer winzigen T\u00e4towierungen kann je nach Schwierigkeitsgrad und erforderlicher Genauigkeit variieren. Aufw\u00e4ndigere Designs oder Miniaturportr\u00e4ts k\u00f6nnen mehr Zeit und Geschicklichkeit erfordern, was sich in einem h\u00f6heren Preis niederschl\u00e4gt.<\/p>\r\n<p><strong>Qualit\u00e4t hat ihren Preis:<\/strong> Bei Ibiza Lounge legen wir bei jedem Tiny Tattoo, das wir anfertigen, Wert auf meisterhafte Handwerkskunst und Qualit\u00e4t. Wir investieren Zeit und Sorgfalt, um sicherzustellen, dass Ihr Tiny Tattoo zu einem lebenslangen Kunstwerk wird. Die Auszeichnungen spiegeln unser Engagement f\u00fcr die Kunst wider.<\/p>\r\n<p><strong>Transparente Beratung:<\/strong> Vor dem T\u00e4towieren bieten wir eine transparente Beratung und einen Kostenvoranschlag an, damit Sie genau wissen, was Sie erwartet. Wir m\u00f6chten sicherstellen, dass Sie mit Ihrem Tiny Tattoo und dem Preis zufrieden sind.<\/p>\r\n<p>Ob Sie ein schlichtes, aber elegantes Design oder ein winziges Portr\u00e4t in h\u00f6chster Pr\u00e4zision w\u00fcnschen, wir sind hier, um Ihre Ideen Wirklichkeit werden zu lassen. Unsere Preise spiegeln unsere Handwerkskunst und unser Engagement f\u00fcr Ihr individuelles Tiny Tattoo wider.<\/p>\r\n<p>Kontaktieren Sie uns, um Ihr Tiny-Tattoo-Projekt zu besprechen und einen individuellen Kostenvoranschlag zu erhalten. Wir sind stolz darauf, Qualit\u00e4t und Kreativit\u00e4t zu fairen Preisen\u00a0anzubieten.<\/p>\r\n","protected":false},"excerpt":{"rendered":"<p>In der Ibiza Lounge kosten die Tiny Tattoos ab 50,- fur Gruppen ab 3 Personen. Wir glauben an Qualit\u00e4t, Pr\u00e4zision und individuelle Kreativit\u00e4t. Unser Preismodell f\u00fcr Tiny Tattoos spiegelt diese Werte wieder und gibt Ihnen die M\u00f6glichkeit, Ihr perfektes Miniaturkunstwerk zu einem fairen Preis zu erhalten. Preise ab 50 Euro: Unsere Preise f\u00fcr Tiny Tattos &hellip; <a href=\"https:\/\/www.tinytattoosibiza.com\/de\/price\/\" class=\"more-link\">Continue reading<span class=\"screen-reader-text\"> &#8222;Unsere Preise: Tiny Tattoos von gro\u00dfer Wert&#8220;<\/span><\/a><\/p>\n","protected":false},"author":1,"featured_media":0,"parent":0,"menu_order":0,"comment_status":"closed","ping_status":"closed","template":"","meta":{"_acf_changed":false,"two_page_speed":[],"footnotes":""},"class_list":["post-4009","page","type-page","status-publish","hentry"],"acf":[],"aioseo_notices":[],"_links":{"self":[{"href":"https:\/\/www.tinytattoosibiza.com\/de\/wp-json\/wp\/v2\/pages\/4009","targetHints":{"allow":["GET"]}}],"collection":[{"href":"https:\/\/www.tinytattoosibiza.com\/de\/wp-json\/wp\/v2\/pages"}],"about":[{"href":"https:\/\/www.tinytattoosibiza.com\/de\/wp-json\/wp\/v2\/types\/page"}],"author":[{"embeddable":true,"href":"https:\/\/www.tinytattoosibiza.com\/de\/wp-json\/wp\/v2\/users\/1"}],"replies":[{"embeddable":true,"href":"https:\/\/www.tinytattoosibiza.com\/de\/wp-json\/wp\/v2\/comments?post=4009"}],"version-history":[{"count":3,"href":"https:\/\/www.tinytattoosibiza.com\/de\/wp-json\/wp\/v2\/pages\/4009\/revisions"}],"predecessor-version":[{"id":5849,"href":"https:\/\/www.tinytattoosibiza.com\/de\/wp-json\/wp\/v2\/pages\/4009\/revisions\/5849"}],"wp:attachment":[{"href":"https:\/\/www.tinytattoosibiza.com\/de\/wp-json\/wp\/v2\/media?parent=4009"}],"curies":[{"name":"wp","href":"https:\/\/api.w.org\/{rel}","templated":true}]}}