{"id":4011,"date":"2023-08-23T22:45:21","date_gmt":"2023-08-23T20:45:21","guid":{"rendered":"https:\/\/www.tinytattoosibiza.com\/price\/"},"modified":"2025-03-26T19:25:47","modified_gmt":"2025-03-26T18:25:47","slug":"price","status":"publish","type":"page","link":"https:\/\/www.tinytattoosibiza.com\/es\/price\/","title":{"rendered":"Nuestros precios: Tiny tattoos con gran valor"},"content":{"rendered":"\r\n<p>En Ibiza Lounge, los Tiny Tattoos cuestan a partir de 50 euros en grupos. Creemos en la calidad, la precisi\u00f3n y la creatividad individual. Nuestro modelo de precios de Tiny Tattoos refleja estos valores y le da la oportunidad de conseguir su obra de arte en miniatura perfecta a un precio justo.<\/p>\r\n<p><strong>Precios desde 50 euros:<\/strong> Nuestros precios para tatuajes diminutos empiezan en 50 euros. Estos costes b\u00e1sicos cubren dise\u00f1os sencillos y un esfuerzo m\u00ednimo. Puede estar seguro de que obtendr\u00e1 un tatuaje diminuto asequible o muchos tatuajes diminutos que seguir\u00e1n siendo de la m\u00e1s alta calidad.<\/p>\r\n<p><strong>Presupuestos individuales:<\/strong> Dado que los Tiny Tattoos suelen requerir detalles intrincados y dependen de la precisi\u00f3n de las l\u00edneas, ofrecemos presupuestos individuales basados en el dise\u00f1o elegido. Esto nos permite considerar adecuadamente la cantidad de trabajo.<\/p>\r\n<p><strong>Dificultad y precisi\u00f3n:<\/strong> El precio de tus Tiny Tattoos puede variar en funci\u00f3n de la dificultad y la precisi\u00f3n requeridas. Los dise\u00f1os m\u00e1s elaborados o los retratos en miniatura pueden requerir m\u00e1s tiempo y destreza, lo que se traduce en un precio m\u00e1s elevado.<\/p>\r\n<p><strong>La calidad tiene su precio:<\/strong> En Ibiza Lounge nos centramos en la maestr\u00eda artesanal y la calidad de cada Tiny Tattoo que hacemos. Invertimos tiempo y cuidado para asegurarnos de que tu Tiny Tattoo se convierta en una obra de arte para toda la vida. Los premios reflejan nuestra dedicaci\u00f3n al arte.<\/p>\r\n<p><strong>Asesoramiento transparente:<\/strong> Antes de tatuar, ofrecemos asesoramiento transparente y una estimaci\u00f3n de costes para que sepas exactamente qu\u00e9 esperar. Queremos asegurarnos de que est\u00e9s satisfecho con tu Tiny Tattoo y el precio.<\/p>\r\n<p>Tanto si busca un dise\u00f1o sencillo pero elegante como si desea un retrato diminuto de la m\u00e1xima precisi\u00f3n, estamos aqu\u00ed para hacer realidad sus ideas. Nuestros precios reflejan nuestra artesan\u00eda y dedicaci\u00f3n a su tatuaje diminuto personalizado.<\/p>\r\n<p>P\u00f3ngase en contacto con nosotros para hablar sobre su proyecto de tatuaje diminuto y obtener un presupuesto personalizado. Nos enorgullecemos de ofrecer calidad y creatividad a\u00a0precios\u00a0justos.<\/p>\r\n","protected":false},"excerpt":{"rendered":"<p>En Ibiza Lounge, los Tiny Tattoos cuestan a partir de 50 euros en grupos. Creemos en la calidad, la precisi\u00f3n y la creatividad individual. Nuestro modelo de precios de Tiny Tattoos refleja estos valores y le da la oportunidad de conseguir su obra de arte en miniatura perfecta a un precio justo. Precios desde 50 &hellip; <a href=\"https:\/\/www.tinytattoosibiza.com\/es\/price\/\" class=\"more-link\">Continue reading<span class=\"screen-reader-text\"> \u00abNuestros precios: Tiny tattoos con gran valor\u00bb<\/span><\/a><\/p>\n","protected":false},"author":1,"featured_media":0,"parent":0,"menu_order":0,"comment_status":"closed","ping_status":"closed","template":"","meta":{"_acf_changed":false,"two_page_speed":[],"footnotes":""},"class_list":["post-4011","page","type-page","status-publish","hentry"],"acf":[],"aioseo_notices":[],"_links":{"self":[{"href":"https:\/\/www.tinytattoosibiza.com\/es\/wp-json\/wp\/v2\/pages\/4011","targetHints":{"allow":["GET"]}}],"collection":[{"href":"https:\/\/www.tinytattoosibiza.com\/es\/wp-json\/wp\/v2\/pages"}],"about":[{"href":"https:\/\/www.tinytattoosibiza.com\/es\/wp-json\/wp\/v2\/types\/page"}],"author":[{"embeddable":true,"href":"https:\/\/www.tinytattoosibiza.com\/es\/wp-json\/wp\/v2\/users\/1"}],"replies":[{"embeddable":true,"href":"https:\/\/www.tinytattoosibiza.com\/es\/wp-json\/wp\/v2\/comments?post=4011"}],"version-history":[{"count":3,"href":"https:\/\/www.tinytattoosibiza.com\/es\/wp-json\/wp\/v2\/pages\/4011\/revisions"}],"predecessor-version":[{"id":5852,"href":"https:\/\/www.tinytattoosibiza.com\/es\/wp-json\/wp\/v2\/pages\/4011\/revisions\/5852"}],"wp:attachment":[{"href":"https:\/\/www.tinytattoosibiza.com\/es\/wp-json\/wp\/v2\/media?parent=4011"}],"curies":[{"name":"wp","href":"https:\/\/api.w.org\/{rel}","templated":true}]}}