{"id":4417,"date":"2023-08-22T23:39:17","date_gmt":"2023-08-22T21:39:17","guid":{"rendered":"https:\/\/www.tinytattoosibiza.com\/privacy-policy\/"},"modified":"2024-03-15T05:26:11","modified_gmt":"2024-03-15T04:26:11","slug":"politica-de-privacidad","status":"publish","type":"page","link":"https:\/\/www.tinytattoosibiza.com\/es\/politica-de-privacidad\/","title":{"rendered":"Pol\u00edtica de Privacidad"},"content":{"rendered":"\n<h2 class=\"wp-block-heading\">A) Informaci\u00f3n sobre la recogida de datos personales y datos de contacto del responsable<\/h2>\n\n\n\n<p><strong>1.1<\/strong>&nbsp;&nbsp;Nos complace que visite nuestro sitio web y le agradecemos su inter\u00e9s.&nbsp;A continuaci\u00f3n le informaremos sobre c\u00f3mo se manejan sus datos personales cuando utiliza nuestro sitio web.&nbsp;Los datos personales son todos los datos con los que usted puede ser identificado personalmente.<\/p>\n\n\n\n<p><strong>1.2<\/strong>&nbsp;&nbsp;El responsable del tratamiento de datos en este sitio web en el sentido del Reglamento General de Protecci\u00f3n de Datos (RGPD) es Christian Wolf, Ibiza, Tel.: +34 692 807 756, Mail:&nbsp;&nbsp;<a href=\"mailto:info@tinytattoosibiza.com?_x_tr_sl=en&amp;_x_tr_tl=de&amp;_x_tr_hl=en&amp;_x_tr_pto=wapp\">info@tinytattoosibiza.com<\/a>&nbsp;.&nbsp;El responsable del tratamiento de los datos personales es la persona f\u00edsica o jur\u00eddica que, sola o conjuntamente con otras, decide sobre los fines y medios del tratamiento de los datos personales.<\/p>\n\n\n\n<p><strong>1.3<\/strong>&nbsp;&nbsp;El responsable no ha designado un delegado de protecci\u00f3n de datos para este sitio web.<\/p>\n\n\n\n<p><strong>1.4<\/strong>&nbsp;&nbsp;Por razones de seguridad y para proteger la transmisi\u00f3n de datos personales y otros contenidos confidenciales (por ejemplo, pedidos o consultas al responsable), este sitio web utiliza SSL o.&nbsp;Cifrado TLS.&nbsp;Puede reconocer una conexi\u00f3n cifrada por la cadena \u00abhttps:\/\/\u00bb y el s\u00edmbolo de candado en la l\u00ednea de su navegador.<\/p>\n\n\n\n<h2 class=\"wp-block-heading\">B) Recogida de datos cuando visita nuestro sitio web<\/h2>\n\n\n\n<p>Si utiliza nuestro sitio web \u00fanicamente con fines informativos, es decir, si no se registra ni nos proporciona informaci\u00f3n de otro modo, solo recopilaremos los datos que su navegador transmite a nuestro servidor (los llamados \u00abarchivos de registro del servidor\u00bb).&nbsp;Cuando accede a nuestro sitio web, recopilamos los siguientes datos, que son t\u00e9cnicamente necesarios para que podamos mostrarle el sitio web:<\/p>\n\n\n\n<ul class=\"wp-block-list\">\n<li>Nuestro sitio web visitado<\/li>\n\n\n\n<li>Fecha y hora en el momento del acceso<\/li>\n\n\n\n<li>Cantidad de datos enviados en bytes<\/li>\n\n\n\n<li>Fuente\/referencia desde la que llegaste a la p\u00e1gina<\/li>\n\n\n\n<li>Navegador utilizado<\/li>\n\n\n\n<li>Sistema operativo utilizado<\/li>\n\n\n\n<li>Direcci\u00f3n IP utilizada (si es necesario: de forma an\u00f3nima)<\/li>\n<\/ul>\n\n\n\n<p>El procesamiento se lleva a cabo de conformidad con el art\u00edculo 6, p\u00e1rrafo 1, letra f del RGPD, en base a nuestro inter\u00e9s leg\u00edtimo en mejorar la estabilidad y la funcionalidad de nuestro sitio web.&nbsp;Los datos no ser\u00e1n cedidos ni utilizados de ning\u00fan otro modo.&nbsp;Sin embargo, nos reservamos el derecho de comprobar posteriormente los archivos de registro del servidor si existen indicios concretos de un uso ilegal.<\/p>\n\n\n\n<h2 class=\"wp-block-heading\">c) galletas<\/h2>\n\n\n\n<p>Para hacer atractiva la visita a nuestro sitio web y permitir el uso de determinadas funciones, utilizamos las llamadas cookies en varias p\u00e1ginas.&nbsp;Estos son peque\u00f1os archivos de texto que se almacenan en su dispositivo.&nbsp;Algunas de las cookies que utilizamos se eliminan una vez finalizada la sesi\u00f3n del navegador, es decir, despu\u00e9s de cerrar el navegador (las llamadas cookies de sesi\u00f3n).&nbsp;Otras cookies permanecen en su dispositivo y nos permiten a nosotros o a nuestras empresas asociadas (cookies de terceros) reconocer su navegador en su pr\u00f3xima visita (cookies persistentes).&nbsp;Si se configuran cookies, recopilan y procesan de forma individual cierta informaci\u00f3n del usuario, como datos de navegaci\u00f3n y ubicaci\u00f3n, as\u00ed como valores de direcci\u00f3n IP.&nbsp;Las cookies persistentes se eliminan autom\u00e1ticamente despu\u00e9s de un per\u00edodo de tiempo espec\u00edfico.<\/p>\n\n\n\n<p>Si tambi\u00e9n se procesan datos personales a trav\u00e9s de cookies individuales que implementamos, el procesamiento se realizar\u00e1 de conformidad con el art.&nbsp;6 P\u00e1rr.&nbsp;1 encendido.&nbsp;f GDPR para proteger nuestros intereses leg\u00edtimos en la mejor funcionalidad posible del sitio web, as\u00ed como un dise\u00f1o eficaz y amigable para el cliente de la visita a la p\u00e1gina.<\/p>\n\n\n\n<p>Podemos trabajar con socios publicitarios que nos ayudan a hacer que nuestro sitio web sea m\u00e1s interesante para usted.&nbsp;Para ello, cuando visita nuestro sitio web, tambi\u00e9n se almacenan cookies de empresas asociadas en su disco duro (cookies de terceros).&nbsp;Si trabajamos con los socios publicitarios antes mencionados, se le informar\u00e1 de forma individual y por separado sobre el uso de dichas cookies y el alcance de la informaci\u00f3n recopilada en cada caso en los p\u00e1rrafos siguientes.<\/p>\n\n\n\n<p>Tenga en cuenta que puede configurar su navegador de modo que est\u00e9 informado sobre la configuraci\u00f3n de cookies y pueda decidir individualmente si las acepta o excluye la aceptaci\u00f3n de cookies para determinados casos o en general.&nbsp;Cada navegador difiere en la forma en que gestiona la configuraci\u00f3n de las cookies.&nbsp;Esto se describe en el men\u00fa de ayuda de cada navegador, donde se explica c\u00f3mo puede cambiar la configuraci\u00f3n de las cookies.&nbsp;Puede encontrarlos para los respectivos navegadores en los siguientes enlaces:<\/p>\n\n\n\n<ul class=\"wp-block-list\">\n<li>Internet Explorer: https:\/\/support.microsoft.com\/de-de\/help\/17442\/windowsinternet-explorer-delete-manage-cookies<\/li>\n\n\n\n<li>Firefox: https:\/\/support.mozilla.org\/de\/kb\/cookies-erlauben-und-ablehne<\/li>\n\n\n\n<li>Cromo: https:\/\/support.google.com\/chrome\/answer\/95647?hl=de&amp;hlrm=en<\/li>\n\n\n\n<li>Safari: https:\/\/support.apple.com\/kb\/ph21411?locale=de_DE<\/li>\n\n\n\n<li>\u00d3pera: http:\/\/help.opera.com\/Windows\/10.20\/de\/cookies.html<\/li>\n<\/ul>\n\n\n\n<p>Tenga en cuenta que si no acepta las cookies, la funcionalidad de nuestro sitio web puede verse restringida.<\/p>\n\n\n\n<h2 class=\"wp-block-heading\">D) Contacto<\/h2>\n\n\n\n<p>Cuando se pone en contacto con nosotros (por ejemplo, a trav\u00e9s de un formulario de contacto o correo electr\u00f3nico), se recopilan datos personales.&nbsp;Los datos que se recogen en el caso de un formulario de contacto se pueden consultar en el formulario de contacto correspondiente.&nbsp;Estos datos se almacenan y utilizan exclusivamente con el fin de responder a su solicitud o para contactar con usted y la administraci\u00f3n t\u00e9cnica asociada.&nbsp;La base legal para el procesamiento de los datos es nuestro inter\u00e9s leg\u00edtimo en responder a su solicitud de conformidad con el art\u00edculo 6 (1) (f) del RGPD.&nbsp;Si su contacto tiene como objetivo celebrar un contrato, la base legal adicional para el procesamiento es el art\u00edculo 6 (1) (b) del RGPD.&nbsp;Sus datos ser\u00e1n eliminados una vez procesada su solicitud;&nbsp;este es el caso si las circunstancias indican que<\/p>\n\n\n\n<h2 class=\"wp-block-heading\">E) Funci\u00f3n de comentario<\/h2>\n\n\n\n<p>Como parte de la funci\u00f3n de comentarios en este sitio web, adem\u00e1s de su comentario, se guarda y publica en el sitio web informaci\u00f3n sobre la hora en que se cre\u00f3 el comentario y el nombre del comentarista que eligi\u00f3.&nbsp;Adem\u00e1s, su direcci\u00f3n IP se registra y almacena.&nbsp;Este almacenamiento de la direcci\u00f3n IP se realiza por motivos de seguridad y en el caso de que el interesado viole derechos de terceros o publique contenidos il\u00edcitos a trav\u00e9s de un comentario realizado.&nbsp;Necesitamos su direcci\u00f3n de correo electr\u00f3nico para comunicarnos con usted si un tercero se queja de que el contenido publicado es ilegal.&nbsp;La base legal para el almacenamiento de sus datos es el art\u00edculo 6, apartado 1, letras b y f del RGPD.&nbsp;Nos reservamos el derecho de eliminar comentarios si son criticados por terceros como ilegales.<\/p>\n\n\n\n<h2 class=\"wp-block-heading\">F) Servicios de anal\u00edtica web<\/h2>\n\n\n\n<p><strong>Google Analytics (universal)<\/strong><br>\u2013 Google Analytics<\/p>\n\n\n\n<p>Este sitio web utiliza Google Analytics, un servicio de an\u00e1lisis web prestado por Google LLC, 1600 Amphitheatre Parkway, Mountain View, CA 94043, EE. UU. (\u201cGoogle\u201d).&nbsp;Google Analytics utiliza las llamadas \u201ccookies\u201d, archivos de texto que se almacenan en su ordenador y que permiten analizar su uso del sitio web.&nbsp;La informaci\u00f3n generada por las cookies sobre su uso de este sitio web (incluida la direcci\u00f3n IP abreviada) generalmente se transmite a un servidor de Google en los EE. UU. y se almacena all\u00ed.<\/p>\n\n\n\n<p>Este sitio web utiliza Google Analytics exclusivamente con la extensi\u00f3n \u201c_anonymizeIp()\u201d, lo que garantiza que la direcci\u00f3n IP sea an\u00f3nima acort\u00e1ndola y excluye cualquier referencia directa a una persona.&nbsp;Mediante la extensi\u00f3n, Google acortar\u00e1 su direcci\u00f3n IP dentro de los estados miembros de la Uni\u00f3n Europea o en otros estados parte del Acuerdo sobre el Espacio Econ\u00f3mico Europeo.&nbsp;S\u00f3lo en casos excepcionales se transmitir\u00e1 la direcci\u00f3n IP completa a un servidor de Google en EE. UU. y se acortar\u00e1 all\u00ed.&nbsp;En estos casos excepcionales, este procesamiento se lleva a cabo de conformidad con el art\u00edculo 6, p\u00e1rrafo 1, letra f del RGPD, sobre la base de nuestro inter\u00e9s leg\u00edtimo en el an\u00e1lisis estad\u00edstico del comportamiento de los usuarios con fines de optimizaci\u00f3n y marketing.<\/p>\n\n\n\n<p>En nuestro nombre, Google utilizar\u00e1 esta informaci\u00f3n para evaluar su uso del sitio web, para compilar informes sobre la actividad del sitio web y para proporcionarnos otros servicios relacionados con la actividad del sitio web y el uso de Internet.&nbsp;La direcci\u00f3n IP transmitida por su navegador en el marco de Google Analytics no se fusiona con otros datos de Google.<\/p>\n\n\n\n<p>Puede evitar el almacenamiento de cookies configurando el software de su navegador en consecuencia;&nbsp;Sin embargo, le advertimos que en este caso es posible que no pueda utilizar todas las funciones de este sitio web en su totalidad.&nbsp;Tambi\u00e9n puede impedir que Google recopile los datos generados por la cookie y relacionados con su uso del sitio web (incluida su direcci\u00f3n IP) y que procese estos datos por parte de Google descargando e instalando el complemento del navegador disponible en el siguiente enlace:<br>http :\/\/tools.google.com\/dlpage\/gaoptout?hl=de<\/p>\n\n\n\n<p>Como alternativa al complemento del navegador o dentro de los navegadores de dispositivos m\u00f3viles, haga clic en el siguiente enlace para configurar una cookie de exclusi\u00f3n voluntaria, que evitar\u00e1 la recopilaci\u00f3n futura por parte de Google Analytics dentro de este sitio web (esta cookie de exclusi\u00f3n voluntaria solo funciona en este navegador y s\u00f3lo para este dominio, si elimina sus cookies en este navegador, debe hacer clic en este enlace nuevamente):<\/p>\n\n\n\n<p><strong>Desactivar Google Analytics<\/strong><br>Google LLC, con sede en EE. UU., est\u00e1 certificada para el acuerdo de protecci\u00f3n de datos entre EE. UU. y Europa \u201cPrivacy Shield\u201d, que garantiza el cumplimiento del nivel de protecci\u00f3n de datos aplicable en la UE.<\/p>\n\n\n\n<p>Puede encontrar m\u00e1s informaci\u00f3n sobre c\u00f3mo Google Analytics maneja los datos de los usuarios en la pol\u00edtica de privacidad de Google:<br>https:\/\/support.google.com\/analytics\/answer\/6004245?hl=de<\/p>\n\n\n\n<h2 class=\"wp-block-heading\">G) Herramientas y varios<\/h2>\n\n\n\n<p><strong>7.1 Google Maps<\/strong><br>En nuestro sitio web utilizamos Google Maps (API) de Google LLC., 1600 Amphitheatre Parkway, Mountain View, CA 94043, EE. UU. (\u201cGoogle\u201d).&nbsp;Google Maps es un servicio web para mostrar mapas interactivos (terrestres) para mostrar visualmente informaci\u00f3n geogr\u00e1fica.&nbsp;Al utilizar este servicio, se le mostrar\u00e1 nuestra ubicaci\u00f3n y cualquier viaje ser\u00e1 m\u00e1s f\u00e1cil.<\/p>\n\n\n\n<p>Cuando accede a las subp\u00e1ginas en las que est\u00e1 integrado el mapa de Google Maps, la informaci\u00f3n sobre su uso de nuestro sitio web (como su direcci\u00f3n IP) se transmite a los servidores de Google en los EE. UU. y se almacena all\u00ed.&nbsp;Esto ocurre independientemente de si Google proporciona una cuenta de usuario a trav\u00e9s de la cual usted inicia sesi\u00f3n o si no existe ninguna cuenta de usuario.&nbsp;Si ha iniciado sesi\u00f3n en Google, sus datos se asignar\u00e1n directamente a su cuenta.&nbsp;Si no deseas que tu perfil quede asociado a Google deber\u00e1s cerrar sesi\u00f3n antes de activar el bot\u00f3n.&nbsp;Google guarda sus datos (incluso para los usuarios que no han iniciado sesi\u00f3n) como perfiles de uso y los eval\u00faa.&nbsp;Esta evaluaci\u00f3n se lleva a cabo, en particular, de conformidad con el art.&nbsp;6 P\u00e1rr.&nbsp;1 encendido.&nbsp;f GDPR basado en los intereses leg\u00edtimos de Google en mostrar publicidad personalizada, estudios de mercado y\/o adaptar su sitio web para satisfacer sus necesidades.&nbsp;Tiene derecho a oponerse a la creaci\u00f3n de estos perfiles de usuario;&nbsp;para ejercerlo deber\u00e1 contactar con Google.<\/p>\n\n\n\n<p>Google LLC, con sede en EE. UU., est\u00e1 certificada seg\u00fan el acuerdo de protecci\u00f3n de datos entre EE. UU. y Europa \u201cPrivacy Shield\u201d, que garantiza el cumplimiento del nivel de protecci\u00f3n de datos aplicable en la UE.<\/p>\n\n\n\n<p>Si no est\u00e1 de acuerdo con la transmisi\u00f3n futura de sus datos a Google al utilizar Google Maps, tambi\u00e9n tiene la opci\u00f3n de desactivar completamente el servicio web de Google Maps desactivando la aplicaci\u00f3n JavaScript en su navegador.&nbsp;En este caso no se podr\u00e1 utilizar Google Maps y, por tanto, la visualizaci\u00f3n de mapas en este sitio web.<\/p>\n\n\n\n<p>Puede ver las condiciones de uso de Google en http:\/\/www.google.de\/intl\/de\/policies\/terms\/regional.html;&nbsp;Puede encontrar las condiciones de uso adicionales de Google Maps en https:\/\/www.google.com\/intl \/de_US\/help\/terms_maps.html Puede encontrar informaci\u00f3n detallada sobre la protecci\u00f3n de datos en relaci\u00f3n con el uso de Google Maps en la p\u00e1gina de Google. sitio web (\u201cPol\u00edtica de privacidad de Google\u201d): http:\/\/www.google.de\/intl\/de\/policies \/privacy\/<\/p>\n\n\n\n<p><strong>7.2 Google Web Fonts<\/strong><br>Este sitio utiliza las llamadas fuentes web para la visualizaci\u00f3n uniforme de las fuentes, que son proporcionadas por Google LLC., 1600 Amphitheatre Parkway, Mountain View, CA 94043, EE. UU. (\u201cGoogle\u201d).&nbsp;Cuando accede a una p\u00e1gina, su navegador carga las fuentes web necesarias en la memoria cach\u00e9 de su navegador para mostrar los textos y las fuentes correctamente.<\/p>\n\n\n\n<p>Para ello, el navegador que utilice deber\u00e1 conectarse a los servidores de Google.&nbsp;Esto le da a Google conocimiento de que se accedi\u00f3 a nuestro sitio web a trav\u00e9s de su direcci\u00f3n IP.&nbsp;El uso de Google Web Fonts tiene como objetivo una presentaci\u00f3n uniforme y atractiva de nuestra oferta en l\u00ednea.&nbsp;Esto representa un inter\u00e9s leg\u00edtimo en el sentido del art\u00edculo 6, apartado 1, letra f del RGPD.&nbsp;Si su navegador no admite fuentes web, su computadora utilizar\u00e1 una fuente est\u00e1ndar.<\/p>\n\n\n\n<p>Google LLC, con sede en EE. UU., est\u00e1 certificada seg\u00fan el acuerdo de protecci\u00f3n de datos entre EE. UU. y Europa \u201cPrivacy Shield\u201d, que garantiza el cumplimiento del nivel de protecci\u00f3n de datos aplicable en la UE.<\/p>\n\n\n\n<p>Puede encontrar m\u00e1s informaci\u00f3n sobre Google Web Fonts en https:\/\/developers.google.com\/fonts\/faq y en la pol\u00edtica de privacidad de Google: https:\/\/www.google.com\/policies\/privacy\/<\/p>\n\n\n\n<h2 class=\"wp-block-heading\">H) Derechos del interesado<\/h2>\n\n\n\n<p><strong>8.1<\/strong>&nbsp;&nbsp;La ley de protecci\u00f3n de datos aplicable le otorga al<br>interesado amplios derechos (derechos de informaci\u00f3n y derechos de intervenci\u00f3n) frente al responsable en relaci\u00f3n con el tratamiento de sus datos personales<br>, sobre los cuales<br>le informaremos a continuaci\u00f3n:<\/p>\n\n\n\n<ul class=\"wp-block-list\">\n<li>Derecho a la informaci\u00f3n de conformidad con el art.&nbsp;15 GDPR: En particular, tiene derecho a obtener informaci\u00f3n sobre sus datos personales procesados \u200b\u200bpor nosotros, los fines del procesamiento, las categor\u00edas de datos personales procesados, los destinatarios o categor\u00edas de destinatarios a quienes sus datos han sido o ser\u00e1n divulgados, el plan de Per\u00edodo de almacenamiento o los criterios para determinar el per\u00edodo de almacenamiento, la existencia de un derecho de correcci\u00f3n, eliminaci\u00f3n, restricci\u00f3n del procesamiento, objeci\u00f3n al procesamiento, queja ante una autoridad de control, el origen de sus datos si no fueron recopilados por usted, que Existencia de toma de decisiones automatizada, incluida la elaboraci\u00f3n de perfiles y, si es necesario, informaci\u00f3n significativa sobre la l\u00f3gica involucrada y el alcance que le afecta y los efectos previstos de dicho procesamiento, as\u00ed como su derecho a ser informado sobre qu\u00e9 garant\u00edas existen de conformidad con el art.&nbsp;46 GDPR cuando sus datos se env\u00edan a terceros pa\u00edses;<\/li>\n\n\n\n<li>Derecho de rectificaci\u00f3n de conformidad con el art.&nbsp;16 GDPR: Tiene derecho a la correcci\u00f3n inmediata de los datos incorrectos que le conciernen y\/o a la finalizaci\u00f3n de los datos incompletos almacenados por nosotros;<\/li>\n\n\n\n<li>Derecho de supresi\u00f3n de conformidad con el art.&nbsp;17 GDPR: Tiene derecho a solicitar la eliminaci\u00f3n de sus datos personales si se cumplen los requisitos del art.&nbsp;Se cumple el art\u00edculo 17, apartado 1 del RGPD.&nbsp;Sin embargo, este derecho no se aplica en particular si el procesamiento es necesario para ejercer el derecho a la libertad de expresi\u00f3n e informaci\u00f3n, para cumplir una obligaci\u00f3n legal, por razones de inter\u00e9s p\u00fablico o para hacer valer, ejercer o defender reclamaciones legales;<\/li>\n\n\n\n<li>Derecho a la limitaci\u00f3n del tratamiento de conformidad con el art.&nbsp;18 GDPR: Tiene derecho a solicitar la restricci\u00f3n del procesamiento de sus datos personales siempre que se verifique la exactitud de los datos que usted cuestiona, si se niega a eliminar sus datos debido a un procesamiento ilegal de datos y en su lugar solicita la restricci\u00f3n del procesamiento de sus datos si necesita sus datos para hacer valer, ejercer o defender reclamaciones legales despu\u00e9s de que ya no necesitemos estos datos despu\u00e9s de haber alcanzado el prop\u00f3sito o si ha presentado una objeci\u00f3n por motivos relacionados con su situaci\u00f3n particular, siempre que no sea sin embargo, est\u00e1 claro si en nuestros intereses leg\u00edtimos predominan las razones;<\/li>\n\n\n\n<li>Derecho a la informaci\u00f3n de conformidad con el art.&nbsp;19 del RGPD: Si ha hecho valer el derecho de rectificaci\u00f3n, eliminaci\u00f3n o limitaci\u00f3n del tratamiento frente al responsable, el responsable est\u00e1 obligado a informar a todos los destinatarios a los que se hayan comunicado los datos personales que le conciernen de esta rectificaci\u00f3n o eliminaci\u00f3n de los datos o limitaci\u00f3n. del procesamiento a menos que esto resulte imposible o implique un esfuerzo desproporcionado.&nbsp;Tiene derecho a ser informado sobre estos destinatarios.<\/li>\n\n\n\n<li>Derecho a la portabilidad de los datos de conformidad con el art.&nbsp;20 GDPR: Tienes derecho a recibir los datos personales que nos has proporcionado en un formato estructurado, com\u00fan y legible por m\u00e1quina o a solicitar que sean transmitidos a otro responsable, en la medida en que sea t\u00e9cnicamente posible;<\/li>\n\n\n\n<li>Derecho a revocar el consentimiento prestado de conformidad con el art.&nbsp;7 P\u00e1rr.&nbsp;3 GDPR: Tiene derecho a revocar su consentimiento para el procesamiento de datos en cualquier momento con efecto para el futuro.&nbsp;En caso de revocaci\u00f3n, eliminaremos los datos en cuesti\u00f3n inmediatamente, a menos que el procesamiento posterior pueda basarse en una base legal para el procesamiento sin consentimiento.&nbsp;La revocaci\u00f3n del consentimiento no afecta a la licitud del tratamiento realizado sobre la base del consentimiento antes de su revocaci\u00f3n;<\/li>\n\n\n\n<li>Derecho a reclamar de conformidad con el art.&nbsp;77 GDPR: Si considera que el procesamiento de datos personales que le conciernen viola el GDPR, tiene derecho, sin perjuicio de cualquier otro recurso administrativo o judicial, a presentar una queja ante una autoridad de control, en particular en el Miembro. Estado de su residencia, lugar de trabajo o lugar de la presunta infracci\u00f3n.<\/li>\n<\/ul>\n\n\n\n<p><strong>8.2 Derecho a oponerse<\/strong><br>Si procesamos sus datos personales en funci\u00f3n de nuestro inter\u00e9s leg\u00edtimo primordial como parte de un equilibrio de intereses, usted tiene derecho en cualquier momento a oponerse a este procesamiento con efecto futuro por razones que surjan de su situaci\u00f3n particular.<\/p>\n\n\n\n<p>Si ejerce su derecho de oposici\u00f3n, dejaremos de tratar los datos en cuesti\u00f3n.&nbsp;Sin embargo, el procesamiento posterior est\u00e1 reservado si podemos demostrar razones leg\u00edtimas convincentes para el procesamiento que prevalezcan sobre sus intereses, derechos y libertades fundamentales, o si el procesamiento sirve para hacer valer, ejercer o defender reclamos legales.<\/p>\n\n\n\n<p>Si procesamos sus datos personales con fines de publicidad directa, usted tiene derecho a oponerse en cualquier momento al procesamiento de sus datos personales con fines de dicha publicidad.&nbsp;Puede ejercer su objeci\u00f3n como se describe anteriormente.<\/p>\n\n\n\n<p>Si ejerce su derecho de oposici\u00f3n, dejaremos de tratar los datos en cuesti\u00f3n con fines de publicidad directa.<\/p>\n\n\n\n<h2 class=\"wp-block-heading\">I) Duraci\u00f3n del almacenamiento de los datos personales<\/h2>\n\n\n\n<p>La duraci\u00f3n del almacenamiento de datos personales se determina en funci\u00f3n del respectivo per\u00edodo de retenci\u00f3n legal (por ejemplo, per\u00edodos de retenci\u00f3n comercial y fiscal).&nbsp;Una vez transcurrido el plazo, los datos relevantes se eliminar\u00e1n de forma rutinaria, a menos que ya no sean necesarios para cumplir o iniciar el contrato y\/o no tengamos ning\u00fan inter\u00e9s leg\u00edtimo en continuar almacen\u00e1ndolos.<\/p>\n","protected":false},"excerpt":{"rendered":"<p>A) Informaci\u00f3n sobre la recogida de datos personales y datos de contacto del responsable 1.1&nbsp;&nbsp;Nos complace que visite nuestro sitio web y le agradecemos su inter\u00e9s.&nbsp;A continuaci\u00f3n le informaremos sobre c\u00f3mo se manejan sus datos personales cuando utiliza nuestro sitio web.&nbsp;Los datos personales son todos los datos con los que usted puede ser identificado personalmente. &hellip; <a href=\"https:\/\/www.tinytattoosibiza.com\/es\/politica-de-privacidad\/\" class=\"more-link\">Continue reading<span class=\"screen-reader-text\"> \u00abPol\u00edtica de Privacidad\u00bb<\/span><\/a><\/p>\n","protected":false},"author":1,"featured_media":0,"parent":0,"menu_order":0,"comment_status":"closed","ping_status":"open","template":"","meta":{"_acf_changed":false,"two_page_speed":[],"footnotes":""},"class_list":["post-4417","page","type-page","status-publish","hentry"],"acf":[],"aioseo_notices":[],"_links":{"self":[{"href":"https:\/\/www.tinytattoosibiza.com\/es\/wp-json\/wp\/v2\/pages\/4417","targetHints":{"allow":["GET"]}}],"collection":[{"href":"https:\/\/www.tinytattoosibiza.com\/es\/wp-json\/wp\/v2\/pages"}],"about":[{"href":"https:\/\/www.tinytattoosibiza.com\/es\/wp-json\/wp\/v2\/types\/page"}],"author":[{"embeddable":true,"href":"https:\/\/www.tinytattoosibiza.com\/es\/wp-json\/wp\/v2\/users\/1"}],"replies":[{"embeddable":true,"href":"https:\/\/www.tinytattoosibiza.com\/es\/wp-json\/wp\/v2\/comments?post=4417"}],"version-history":[{"count":2,"href":"https:\/\/www.tinytattoosibiza.com\/es\/wp-json\/wp\/v2\/pages\/4417\/revisions"}],"predecessor-version":[{"id":4424,"href":"https:\/\/www.tinytattoosibiza.com\/es\/wp-json\/wp\/v2\/pages\/4417\/revisions\/4424"}],"wp:attachment":[{"href":"https:\/\/www.tinytattoosibiza.com\/es\/wp-json\/wp\/v2\/media?parent=4417"}],"curies":[{"name":"wp","href":"https:\/\/api.w.org\/{rel}","templated":true}]}}