{"id":8902,"date":"2023-08-26T23:15:32","date_gmt":"2023-08-26T21:15:32","guid":{"rendered":"https:\/\/www.tinytattoosibiza.com\/impressum\/"},"modified":"2026-01-28T17:56:53","modified_gmt":"2026-01-28T16:56:53","slug":"impressum","status":"publish","type":"page","link":"https:\/\/www.tinytattoosibiza.com\/es\/impressum\/","title":{"rendered":"Imprint"},"content":{"rendered":"\r\n<p>Tattoo Longe S.l<br \/>B 566 39 578<br \/>Christian Wolf<br \/>Carrer del Canari 2 Ap 4<br \/>07819 Jes\u00fas. Ibiza<\/p>\r\n<p><strong>Representado por:<\/strong> Christian Wolf<\/p>\r\n<p><strong>Contacto:<\/strong><br \/>Tel\u00e9fono: +34 612 405 357<br \/>Correo electr\u00f3nico: <a href=\"mailto:info@tattoosibiza.com\">info@tattoosibiza.com<\/a><\/p>\r\n<h2 class=\"wp-block-heading\">Exenci\u00f3n de responsabilidad:<\/h2>\r\n<p><strong>Responsabilidad por el contenido<\/strong><br \/>El contenido de nuestro sitio web ha sido creado con el m\u00e1ximo cuidado. Sin embargo, no podemos asumir ninguna responsabilidad por la exactitud, integridad y actualidad de los contenidos. Como proveedor de servicios, somos responsables de nuestro propio contenido en estas p\u00e1ginas de acuerdo con el \u00a7 7, apartado 1, de la TMG (Ley alemana de medios telem\u00e1ticos) y las leyes generales. Sin embargo, de conformidad con los art\u00edculos 8 a 10 de la TMG, como proveedor de servicios no estamos obligados a supervisar la informaci\u00f3n transmitida o almacenada por terceros ni a investigar circunstancias que indiquen una actividad ilegal. Las obligaciones de eliminar o bloquear el uso de la informaci\u00f3n de conformidad con la legislaci\u00f3n general no se ven afectadas por ello. No obstante, la responsabilidad a este respecto solo es posible a partir del momento en que se tiene conocimiento de una infracci\u00f3n concreta. Tan pronto como tengamos conocimiento de tales infracciones, eliminaremos inmediatamente dicho contenido.<\/p>\r\n<p><strong>Responsabilidad por los enlaces<br \/><\/strong>Nuestro sitio web contiene enlaces a sitios web externos de terceros sobre cuyo contenido no tenemos influencia alguna. Por lo tanto, no podemos aceptar ninguna responsabilidad por estos contenidos de terceros. El proveedor u operador respectivo de las p\u00e1ginas es siempre responsable del contenido de las p\u00e1ginas enlazadas. Las p\u00e1ginas enlazadas fueron revisadas en busca de posibles infracciones legales en el momento de establecer el enlace. No se detectaron contenidos ilegales en el momento de establecer el enlace. Sin embargo, no es razonable realizar un control permanente del contenido de las p\u00e1ginas enlazadas sin indicios concretos de una infracci\u00f3n. Si tenemos conocimiento de alguna infracci\u00f3n legal, eliminaremos dichos enlaces inmediatamente.<\/p>\r\n<h3 class=\"wp-block-heading\">Derechos de autor<\/h3>\r\n<p>El contenido y las obras creadas por los operadores del sitio en estas p\u00e1ginas est\u00e1n sujetos a la ley alemana de derechos de autor. La duplicaci\u00f3n, el procesamiento, la distribuci\u00f3n y cualquier tipo de utilizaci\u00f3n fuera de los l\u00edmites de la ley de derechos de autor requieren el consentimiento por escrito del autor o creador respectivo. Las descargas y copias de este sitio web solo est\u00e1n permitidas para uso privado y no comercial. En la medida en que los contenidos de este sitio web no hayan sido creados por el operador, se respetan los derechos de autor de terceros. En particular, los contenidos de terceros est\u00e1n identificados como tales. No obstante, si tiene conocimiento de alguna infracci\u00f3n de los derechos de autor, le rogamos que nos lo comunique. Si tenemos conocimiento de alguna infracci\u00f3n, eliminaremos dichos contenidos inmediatamente.<\/p>\r\n<h4 class=\"wp-block-heading\">Protecci\u00f3n de datos<\/h4>\r\n<p>Por lo general, es posible utilizar nuestro sitio web sin proporcionar datos personales. Si en nuestro sitio web se recopilan datos personales (por ejemplo, nombre, direcci\u00f3n o direcciones de correo electr\u00f3nico), esto se hace siempre de forma voluntaria, en la medida de lo posible. Estos datos no se transmitir\u00e1n a terceros sin su consentimiento expreso.<\/p>\r\n<p>Nos gustar\u00eda se\u00f1alar que la transmisi\u00f3n de datos a trav\u00e9s de Internet (por ejemplo, al comunicarse por correo electr\u00f3nico) puede estar sujeta a vulnerabilidades de seguridad. No es posible garantizar una protecci\u00f3n completa de los datos contra el acceso de terceros. Por la presente, prohibimos expresamente el uso de los datos de contacto publicados en el marco de la obligaci\u00f3n de incluir un aviso legal por parte de terceros para enviar publicidad e informaci\u00f3n no solicitadas. Los operadores del sitio web se reservan expresamente el derecho de emprender acciones legales en caso de env\u00edo no solicitado de informaci\u00f3n publicitaria, como correos electr\u00f3nicos no deseados.<\/p>\r\n<h5 class=\"wp-block-heading\">Google Analytics<\/h5>\r\n<p>Este sitio web utiliza Google Analytics, un servicio de an\u00e1lisis web proporcionado por Google Inc (\u00abGoogle\u00bb). Google Analytics utiliza \u00abcookies\u00bb, que son archivos de texto que se almacenan en su ordenador, para ayudar al sitio web a analizar c\u00f3mo los usuarios utilizan el sitio. La informaci\u00f3n generada por la cookie sobre su uso del sitio web (incluida su direcci\u00f3n IP) ser\u00e1 transmitida y almacenada por Google en servidores en los Estados Unidos. Google utilizar\u00e1 esta informaci\u00f3n con el fin de analizar su uso del sitio web, recopilar informes sobre la actividad del sitio web para los operadores del mismo y prestar otros servicios relacionados con la actividad del sitio web y el uso de Internet. Google tambi\u00e9n puede transferir esta informaci\u00f3n a terceros cuando as\u00ed lo exija la ley, o cuando dichos terceros procesen la informaci\u00f3n en nombre de Google. Google no asociar\u00e1 su direcci\u00f3n IP con ning\u00fan otro dato del que disponga. Puede rechazar el uso de cookies seleccionando la configuraci\u00f3n adecuada en su navegador, pero tenga en cuenta que, si lo hace, es posible que no pueda utilizar todas las funciones de este sitio web. Al utilizar este sitio web, usted da su consentimiento para que Google procese sus datos de la manera y para los fines arriba indicados.<\/p>\r\n","protected":false},"excerpt":{"rendered":"<p>Tattoo Longe S.lB 566 39 578Christian WolfCarrer del Canari 2 Ap 407819 Jes\u00fas. Ibiza Representado por: Christian Wolf Contacto:Tel\u00e9fono: +34 612 405 357Correo electr\u00f3nico: info@tattoosibiza.com Exenci\u00f3n de responsabilidad: Responsabilidad por el contenidoEl contenido de nuestro sitio web ha sido creado con el m\u00e1ximo cuidado. Sin embargo, no podemos asumir ninguna responsabilidad por la exactitud, integridad &hellip; <a href=\"https:\/\/www.tinytattoosibiza.com\/es\/impressum\/\" class=\"more-link\">Continue reading<span class=\"screen-reader-text\"> \u00abImprint\u00bb<\/span><\/a><\/p>\n","protected":false},"author":1,"featured_media":0,"parent":0,"menu_order":0,"comment_status":"closed","ping_status":"closed","template":"","meta":{"_acf_changed":false,"two_page_speed":[],"footnotes":""},"class_list":["post-8902","page","type-page","status-publish","hentry"],"acf":[],"aioseo_notices":[],"_links":{"self":[{"href":"https:\/\/www.tinytattoosibiza.com\/es\/wp-json\/wp\/v2\/pages\/8902","targetHints":{"allow":["GET"]}}],"collection":[{"href":"https:\/\/www.tinytattoosibiza.com\/es\/wp-json\/wp\/v2\/pages"}],"about":[{"href":"https:\/\/www.tinytattoosibiza.com\/es\/wp-json\/wp\/v2\/types\/page"}],"author":[{"embeddable":true,"href":"https:\/\/www.tinytattoosibiza.com\/es\/wp-json\/wp\/v2\/users\/1"}],"replies":[{"embeddable":true,"href":"https:\/\/www.tinytattoosibiza.com\/es\/wp-json\/wp\/v2\/comments?post=8902"}],"version-history":[{"count":1,"href":"https:\/\/www.tinytattoosibiza.com\/es\/wp-json\/wp\/v2\/pages\/8902\/revisions"}],"predecessor-version":[{"id":8908,"href":"https:\/\/www.tinytattoosibiza.com\/es\/wp-json\/wp\/v2\/pages\/8902\/revisions\/8908"}],"wp:attachment":[{"href":"https:\/\/www.tinytattoosibiza.com\/es\/wp-json\/wp\/v2\/media?parent=8902"}],"curies":[{"name":"wp","href":"https:\/\/api.w.org\/{rel}","templated":true}]}}