{"id":4008,"date":"2023-08-23T22:45:21","date_gmt":"2023-08-23T20:45:21","guid":{"rendered":"https:\/\/www.tinytattoosibiza.com\/price\/"},"modified":"2025-03-26T19:26:37","modified_gmt":"2025-03-26T18:26:37","slug":"price","status":"publish","type":"page","link":"https:\/\/www.tinytattoosibiza.com\/fr\/price\/","title":{"rendered":"Nos prix : Tiny Tattoos \u00e0 un excellent rapport qualit\u00e9-prix"},"content":{"rendered":"\r\n<p>Chez Ibiza Lounge, les Tiny Tattoos sont disponibles \u00e0 partir de 50 euros par groupe. Nous croyons en la qualit\u00e9, la pr\u00e9cision et la cr\u00e9ativit\u00e9 individuelle. Notre mod\u00e8le de tarification pour les Tiny Tattoos refl\u00e8te ces valeurs et vous donne la possibilit\u00e9 d&rsquo;obtenir votre \u0153uvre d&rsquo;art miniature parfaite \u00e0 un prix \u00e9quitable.<\/p>\r\n<p><strong>Prix \u00e0 partir de 50 euros :<\/strong> Nos prix pour les minuscules tatouages commencent \u00e0 50 euros. Ces co\u00fbts de base couvrent des designs simples et un effort minimal. Vous pouvez \u00eatre assur\u00e9 d&rsquo;obtenir un minuscule tatouage abordable ou de nombreux minuscules tatouages qui seront toujours de la plus haute qualit\u00e9.<\/p>\r\n<p><strong>Devis personnalis\u00e9s :<\/strong> Les tatouages minuscules n\u00e9cessitant souvent des d\u00e9tails complexes et d\u00e9pendant de la pr\u00e9cision des lignes, nous proposons des devis personnalis\u00e9s en fonction du motif choisi. Cela nous permet de tenir compte de mani\u00e8re ad\u00e9quate de la quantit\u00e9 de travail n\u00e9cessaire.<\/p>\r\n<p><strong>Difficult\u00e9 et pr\u00e9cision :<\/strong> Le prix de vos tatouages minuscules peut varier en fonction de la difficult\u00e9 et de la pr\u00e9cision requises. Les motifs plus \u00e9labor\u00e9s ou les portraits miniatures peuvent n\u00e9cessiter plus de temps et de dext\u00e9rit\u00e9, ce qui se traduit par un prix plus \u00e9lev\u00e9.<\/p>\r\n<p><strong>La qualit\u00e9 a un prix :<\/strong> Chez Ibiza Lounge, nous mettons l&rsquo;accent sur le savoir-faire et la qualit\u00e9 de chaque Tiny Tattoo que nous cr\u00e9ons. Nous investissons du temps et des efforts pour que votre Tiny Tattoo devienne une \u0153uvre d&rsquo;art pour la vie. Les prix que nous avons re\u00e7us refl\u00e8tent notre d\u00e9vouement \u00e0 cet art.<\/p>\r\n<p><strong>Des conseils transparents :<\/strong> Avant de vous faire tatouer, nous vous offrons des conseils transparents et une estimation des co\u00fbts afin que vous sachiez exactement \u00e0 quoi vous attendre. Nous voulons nous assurer que vous \u00eates satisfait de votre Tiny Tattoo et de son prix.<\/p>\r\n<p>Que vous recherchiez un design simple mais \u00e9l\u00e9gant ou un petit portrait de la plus haute pr\u00e9cision, nous sommes l\u00e0 pour concr\u00e9tiser vos id\u00e9es. Nos prix refl\u00e8tent notre expertise et notre d\u00e9vouement \u00e0 votre Tiny Tattoo personnalis\u00e9.<\/p>\r\n<p>Contactez-nous pour discuter de votre projet Tiny Tattoo et obtenir un devis personnalis\u00e9. Nous sommes fiers d&rsquo;offrir qualit\u00e9 et cr\u00e9ativit\u00e9 \u00e0 des prix\u00a0\u00e9quitables.<\/p>\r\n","protected":false},"excerpt":{"rendered":"<p>Chez Ibiza Lounge, les Tiny Tattoos sont disponibles \u00e0 partir de 50 euros par groupe. Nous croyons en la qualit\u00e9, la pr\u00e9cision et la cr\u00e9ativit\u00e9 individuelle. Notre mod\u00e8le de tarification pour les Tiny Tattoos refl\u00e8te ces valeurs et vous donne la possibilit\u00e9 d&rsquo;obtenir votre \u0153uvre d&rsquo;art miniature parfaite \u00e0 un prix \u00e9quitable. Prix \u00e0 partir &hellip; <a href=\"https:\/\/www.tinytattoosibiza.com\/fr\/price\/\" class=\"more-link\">Continue reading<span class=\"screen-reader-text\"> \u00ab\u00a0Nos prix : Tiny Tattoos \u00e0 un excellent rapport qualit\u00e9-prix\u00a0\u00bb<\/span><\/a><\/p>\n","protected":false},"author":1,"featured_media":0,"parent":0,"menu_order":0,"comment_status":"closed","ping_status":"closed","template":"","meta":{"_acf_changed":false,"two_page_speed":[],"footnotes":""},"class_list":["post-4008","page","type-page","status-publish","hentry"],"acf":[],"aioseo_notices":[],"_links":{"self":[{"href":"https:\/\/www.tinytattoosibiza.com\/fr\/wp-json\/wp\/v2\/pages\/4008","targetHints":{"allow":["GET"]}}],"collection":[{"href":"https:\/\/www.tinytattoosibiza.com\/fr\/wp-json\/wp\/v2\/pages"}],"about":[{"href":"https:\/\/www.tinytattoosibiza.com\/fr\/wp-json\/wp\/v2\/types\/page"}],"author":[{"embeddable":true,"href":"https:\/\/www.tinytattoosibiza.com\/fr\/wp-json\/wp\/v2\/users\/1"}],"replies":[{"embeddable":true,"href":"https:\/\/www.tinytattoosibiza.com\/fr\/wp-json\/wp\/v2\/comments?post=4008"}],"version-history":[{"count":2,"href":"https:\/\/www.tinytattoosibiza.com\/fr\/wp-json\/wp\/v2\/pages\/4008\/revisions"}],"predecessor-version":[{"id":5853,"href":"https:\/\/www.tinytattoosibiza.com\/fr\/wp-json\/wp\/v2\/pages\/4008\/revisions\/5853"}],"wp:attachment":[{"href":"https:\/\/www.tinytattoosibiza.com\/fr\/wp-json\/wp\/v2\/media?parent=4008"}],"curies":[{"name":"wp","href":"https:\/\/api.w.org\/{rel}","templated":true}]}}