{"id":8899,"date":"2023-08-26T23:15:32","date_gmt":"2023-08-26T21:15:32","guid":{"rendered":"https:\/\/www.tinytattoosibiza.com\/impressum\/"},"modified":"2026-01-28T17:53:16","modified_gmt":"2026-01-28T16:53:16","slug":"impressum","status":"publish","type":"page","link":"https:\/\/www.tinytattoosibiza.com\/fr\/impressum\/","title":{"rendered":"Imprint"},"content":{"rendered":"\r\n<p>Tattoo Longe S.l<br \/>B 566 39 578<br \/>Christian Wolf<br \/>Carrer del Canari 2 Ap 4<br \/>07819 Jesus. Ibiza<\/p>\r\n<p><strong>Repr\u00e9sent\u00e9 par :<\/strong> Christian Wolf<\/p>\r\n<p><strong>Contact :<\/strong><br \/>T\u00e9l\u00e9phone : +34 612 405 357<br \/>E-mail : <a href=\"mailto:info@tattoosibiza.com\">info@tattoosibiza.com<\/a><\/p>\r\n<h2 class=\"wp-block-heading\">Clause de non-responsabilit\u00e9 :<\/h2>\r\n<p><strong>Responsabilit\u00e9 relative au contenu<\/strong><br \/>Le contenu de notre site web a \u00e9t\u00e9 cr\u00e9\u00e9 avec le plus grand soin. Cependant, nous ne pouvons assumer aucune responsabilit\u00e9 quant \u00e0 l&rsquo;exactitude, l&rsquo;exhaustivit\u00e9 et l&rsquo;actualit\u00e9 des contenus. En tant que prestataire de services, nous sommes responsables de nos propres contenus sur ces pages conform\u00e9ment au \u00a7 7 al. 1 de la loi allemande sur les t\u00e9l\u00e9m\u00e9dias (TMG) et aux lois g\u00e9n\u00e9rales. Conform\u00e9ment aux \u00a7\u00a7 8 \u00e0 10 de la TMG, nous ne sommes toutefois pas tenus, en tant que prestataire de services, de surveiller les informations transmises ou stock\u00e9es par des tiers ni d&rsquo;enqu\u00eater sur des circonstances qui indiquent une activit\u00e9 ill\u00e9gale. Les obligations de supprimer ou de bloquer l&rsquo;utilisation d&rsquo;informations conform\u00e9ment \u00e0 la l\u00e9gislation g\u00e9n\u00e9rale restent inchang\u00e9es. Toutefois, la responsabilit\u00e9 \u00e0 cet \u00e9gard n&rsquo;est possible qu&rsquo;\u00e0 partir du moment o\u00f9 une infraction sp\u00e9cifique est connue. D\u00e8s que nous aurons connaissance de telles infractions, nous supprimerons imm\u00e9diatement ces contenus.<\/p>\r\n<p><strong>Responsabilit\u00e9 relative aux liens<br \/><\/strong>Notre site web contient des liens vers des sites web externes tiers sur lesquels nous n&rsquo;avons aucune influence. Par cons\u00e9quent, nous ne pouvons accepter aucune responsabilit\u00e9 pour ces contenus tiers. Le fournisseur ou l&rsquo;exploitant respectif des pages est toujours responsable du contenu des pages li\u00e9es. Les pages li\u00e9es ont \u00e9t\u00e9 v\u00e9rifi\u00e9es pour d\u00e9tecter d&rsquo;\u00e9ventuelles violations de la loi au moment de la mise en place des liens. Aucun contenu ill\u00e9gal n&rsquo;\u00e9tait reconnaissable au moment de la mise en place des liens. Toutefois, une surveillance permanente du contenu des pages li\u00e9es n&rsquo;est pas raisonnable sans preuve concr\u00e8te d&rsquo;une infraction. Si nous avons connaissance d&rsquo;infractions \u00e0 la loi, nous supprimerons imm\u00e9diatement ces liens.<\/p>\r\n<h3 class=\"wp-block-heading\">Droit d&rsquo;auteur<\/h3>\r\n<p>Le contenu et les \u0153uvres cr\u00e9\u00e9s par les exploitants du site sur ces pages sont soumis au droit d&rsquo;auteur allemand. La reproduction, le traitement, la diffusion et toute forme d&rsquo;utilisation d\u00e9passant le cadre du droit d&rsquo;auteur n\u00e9cessitent l&rsquo;accord \u00e9crit de l&rsquo;auteur ou du cr\u00e9ateur concern\u00e9. Les t\u00e9l\u00e9chargements et copies de ce site ne sont autoris\u00e9s qu&rsquo;\u00e0 des fins priv\u00e9es et non commerciales. Dans la mesure o\u00f9 le contenu de ce site n&rsquo;a pas \u00e9t\u00e9 cr\u00e9\u00e9 par l&rsquo;exploitant, les droits d&rsquo;auteur de tiers sont respect\u00e9s. En particulier, les contenus provenant de tiers sont signal\u00e9s comme tels. Si vous constatez n\u00e9anmoins une violation du droit d&rsquo;auteur, veuillez nous en informer. Si nous avons connaissance d&rsquo;une violation, nous supprimerons imm\u00e9diatement le contenu concern\u00e9.<\/p>\r\n<h4 class=\"wp-block-heading\">Protection des donn\u00e9es<\/h4>\r\n<p>L&rsquo;utilisation de notre site web est g\u00e9n\u00e9ralement possible sans fournir de donn\u00e9es personnelles. Si des donn\u00e9es personnelles (par exemple, nom, adresse ou adresses e-mail) sont collect\u00e9es sur notre site web, cela se fait toujours sur une base volontaire dans la mesure du possible. Ces donn\u00e9es ne seront pas transmises \u00e0 des tiers sans votre consentement explicite.<\/p>\r\n<p>Nous tenons \u00e0 souligner que la transmission de donn\u00e9es sur Internet (par exemple lors de la communication par e-mail) peut pr\u00e9senter des failles de s\u00e9curit\u00e9. Une protection compl\u00e8te des donn\u00e9es contre l&rsquo;acc\u00e8s par des tiers n&rsquo;est pas possible. Nous interdisons express\u00e9ment l&rsquo;utilisation des coordonn\u00e9es publi\u00e9es dans le cadre de l&rsquo;obligation de mention l\u00e9gale par des tiers pour l&rsquo;envoi de publicit\u00e9s et d&rsquo;informations non sollicit\u00e9es. Les exploitants du site web se r\u00e9servent express\u00e9ment le droit d&rsquo;engager des poursuites judiciaires en cas d&rsquo;envoi non sollicit\u00e9 d&rsquo;informations publicitaires, telles que des courriels ind\u00e9sirables.<\/p>\r\n<h5 class=\"wp-block-heading\">Google Analytics<\/h5>\r\n<p>Ce site Web utilise Google Analytics, un service d&rsquo;analyse Web fourni par Google Inc (\u00ab Google \u00bb). Google Analytics utilise des \u00ab cookies \u00bb, qui sont des fichiers texte plac\u00e9s sur votre ordinateur, pour aider le site Web \u00e0 analyser l&rsquo;utilisation du site par ses utilisateurs. Les informations g\u00e9n\u00e9r\u00e9es par le cookie concernant votre utilisation du site Web (y compris votre adresse IP) seront transmises et stock\u00e9es par Google sur des serveurs situ\u00e9s aux \u00c9tats-Unis. Google utilisera ces informations dans le but d&rsquo;analyser votre utilisation du site Web, de compiler des rapports sur l&rsquo;activit\u00e9 du site Web pour les exploitants du site et de fournir d&rsquo;autres services li\u00e9s \u00e0 l&rsquo;activit\u00e9 du site Web et \u00e0 l&rsquo;utilisation d&rsquo;Internet. Google peut \u00e9galement transf\u00e9rer ces informations \u00e0 des tiers lorsque la loi l&rsquo;exige ou lorsque ces tiers traitent les informations pour le compte de Google. Google n&rsquo;associera votre adresse IP \u00e0 aucune autre donn\u00e9e d\u00e9tenue par Google. Vous pouvez refuser l&rsquo;utilisation de cookies en s\u00e9lectionnant les param\u00e8tres appropri\u00e9s dans votre navigateur, mais veuillez noter que si vous le faites, vous ne pourrez peut-\u00eatre pas utiliser toutes les fonctionnalit\u00e9s de ce site web. En utilisant ce site web, vous consentez au traitement des donn\u00e9es vous concernant par Google de la mani\u00e8re et aux fins d\u00e9crites ci-dessus.<\/p>\r\n","protected":false},"excerpt":{"rendered":"<p>Tattoo Longe S.lB 566 39 578Christian WolfCarrer del Canari 2 Ap 407819 Jesus. Ibiza Repr\u00e9sent\u00e9 par : Christian Wolf Contact :T\u00e9l\u00e9phone : +34 612 405 357E-mail : info@tattoosibiza.com Clause de non-responsabilit\u00e9 : Responsabilit\u00e9 relative au contenuLe contenu de notre site web a \u00e9t\u00e9 cr\u00e9\u00e9 avec le plus grand soin. Cependant, nous ne pouvons assumer aucune &hellip; <a href=\"https:\/\/www.tinytattoosibiza.com\/fr\/impressum\/\" class=\"more-link\">Continue reading<span class=\"screen-reader-text\"> \u00ab\u00a0Imprint\u00a0\u00bb<\/span><\/a><\/p>\n","protected":false},"author":1,"featured_media":0,"parent":0,"menu_order":0,"comment_status":"closed","ping_status":"closed","template":"","meta":{"_acf_changed":false,"two_page_speed":[],"footnotes":""},"class_list":["post-8899","page","type-page","status-publish","hentry"],"acf":[],"aioseo_notices":[],"_links":{"self":[{"href":"https:\/\/www.tinytattoosibiza.com\/fr\/wp-json\/wp\/v2\/pages\/8899","targetHints":{"allow":["GET"]}}],"collection":[{"href":"https:\/\/www.tinytattoosibiza.com\/fr\/wp-json\/wp\/v2\/pages"}],"about":[{"href":"https:\/\/www.tinytattoosibiza.com\/fr\/wp-json\/wp\/v2\/types\/page"}],"author":[{"embeddable":true,"href":"https:\/\/www.tinytattoosibiza.com\/fr\/wp-json\/wp\/v2\/users\/1"}],"replies":[{"embeddable":true,"href":"https:\/\/www.tinytattoosibiza.com\/fr\/wp-json\/wp\/v2\/comments?post=8899"}],"version-history":[{"count":1,"href":"https:\/\/www.tinytattoosibiza.com\/fr\/wp-json\/wp\/v2\/pages\/8899\/revisions"}],"predecessor-version":[{"id":8905,"href":"https:\/\/www.tinytattoosibiza.com\/fr\/wp-json\/wp\/v2\/pages\/8899\/revisions\/8905"}],"wp:attachment":[{"href":"https:\/\/www.tinytattoosibiza.com\/fr\/wp-json\/wp\/v2\/media?parent=8899"}],"curies":[{"name":"wp","href":"https:\/\/api.w.org\/{rel}","templated":true}]}}