{"id":4010,"date":"2023-08-23T22:45:21","date_gmt":"2023-08-23T20:45:21","guid":{"rendered":"https:\/\/www.tinytattoosibiza.com\/price\/"},"modified":"2025-03-26T19:24:24","modified_gmt":"2025-03-26T18:24:24","slug":"price","status":"publish","type":"page","link":"https:\/\/www.tinytattoosibiza.com\/it\/price\/","title":{"rendered":"Tiny Tattoos, grande valore \u2013 I nostri prezzi"},"content":{"rendered":"\r\n<p>Presso Ibiza Lounge, crediamo che i Tiny Tattoos debbano rappresentare una combinazione perfetta tra qualit\u00e0, precisione e creativit\u00e0 personale. Ecco perch\u00e9 i nostri prezzi riflettono questi valori, offrendo a ciascun cliente la possibilit\u00e0 di ottenere una piccola opera d&#8217;arte unica a un prezzo giusto e trasparente.<\/p>\r\n<p>I nostri Tiny Tattoos partono da 50 euro, un prezzo base che copre design semplici e di rapida esecuzione. Anche per i gruppi, questa \u00e8 un&#8217;opzione accessibile per chi desidera un tatuaggio delicato ma significativo, realizzato con grande attenzione ai dettagli.<\/p>\r\n<p>Poich\u00e9 ogni Tiny Tattoo \u00e8 diverso, forniamo preventivi personalizzati in base al disegno scelto. Alcuni richiedono linee molto sottili, altri dettagli complessi: il costo dipender\u00e0 quindi dalla difficolt\u00e0 e dalla precisione richieste. Ad esempio, ritratti in miniatura o disegni molto elaborati possono richiedere pi\u00f9 tempo e abilit\u00e0, e saranno quindi valutati di conseguenza.<\/p>\r\n<p>La nostra priorit\u00e0 \u00e8 sempre la qualit\u00e0: ogni Tiny Tattoo viene realizzato con maestria e cura artigianale. Dedichiamo tempo a ogni cliente per assicurarci che il tatuaggio non sia solo bello, ma anche un simbolo duraturo che racconta una storia. Il nostro impegno si riflette nel risultato finale \u2013 un tatuaggio fatto per durare nel tempo, con materiali e tecniche di alta qualit\u00e0.<\/p>\r\n<p>Prima di ogni sessione, offriamo una consulenza chiara e trasparente, spiegando esattamente cosa aspettarsi, sia in termini di prezzo che di realizzazione. Il nostro obiettivo \u00e8 che tu ti senta completamente soddisfatto del tuo Tiny Tattoo e del servizio ricevuto.<\/p>\r\n<p>Che tu desideri un design elegante e discreto o un piccolo ritratto di estrema precisione, siamo qui per trasformare la tua idea in realt\u00e0. I nostri prezzi rispecchiano la nostra professionalit\u00e0, la qualit\u00e0 del lavoro e la passione per l\u2019arte del tatuaggio.<\/p>\r\n<p>Contattaci oggi stesso per parlare del tuo progetto Tiny Tattoo e ricevere un preventivo personalizzato. Da Ibiza Lounge, offriamo creativit\u00e0, qualit\u00e0 e valore, sempre al\u00a0giusto\u00a0prezzo.<\/p>\r\n","protected":false},"excerpt":{"rendered":"<p>Presso Ibiza Lounge, crediamo che i Tiny Tattoos debbano rappresentare una combinazione perfetta tra qualit\u00e0, precisione e creativit\u00e0 personale. Ecco perch\u00e9 i nostri prezzi riflettono questi valori, offrendo a ciascun cliente la possibilit\u00e0 di ottenere una piccola opera d&#8217;arte unica a un prezzo giusto e trasparente. I nostri Tiny Tattoos partono da 50 euro, un &hellip; <a href=\"https:\/\/www.tinytattoosibiza.com\/it\/price\/\" class=\"more-link\">Continue reading<span class=\"screen-reader-text\"> &#8220;Tiny Tattoos, grande valore \u2013 I nostri prezzi&#8221;<\/span><\/a><\/p>\n","protected":false},"author":1,"featured_media":0,"parent":0,"menu_order":0,"comment_status":"closed","ping_status":"closed","template":"","meta":{"_acf_changed":false,"two_page_speed":[],"footnotes":""},"class_list":["post-4010","page","type-page","status-publish","hentry"],"acf":[],"aioseo_notices":[],"_links":{"self":[{"href":"https:\/\/www.tinytattoosibiza.com\/it\/wp-json\/wp\/v2\/pages\/4010","targetHints":{"allow":["GET"]}}],"collection":[{"href":"https:\/\/www.tinytattoosibiza.com\/it\/wp-json\/wp\/v2\/pages"}],"about":[{"href":"https:\/\/www.tinytattoosibiza.com\/it\/wp-json\/wp\/v2\/types\/page"}],"author":[{"embeddable":true,"href":"https:\/\/www.tinytattoosibiza.com\/it\/wp-json\/wp\/v2\/users\/1"}],"replies":[{"embeddable":true,"href":"https:\/\/www.tinytattoosibiza.com\/it\/wp-json\/wp\/v2\/comments?post=4010"}],"version-history":[{"count":2,"href":"https:\/\/www.tinytattoosibiza.com\/it\/wp-json\/wp\/v2\/pages\/4010\/revisions"}],"predecessor-version":[{"id":5850,"href":"https:\/\/www.tinytattoosibiza.com\/it\/wp-json\/wp\/v2\/pages\/4010\/revisions\/5850"}],"wp:attachment":[{"href":"https:\/\/www.tinytattoosibiza.com\/it\/wp-json\/wp\/v2\/media?parent=4010"}],"curies":[{"name":"wp","href":"https:\/\/api.w.org\/{rel}","templated":true}]}}