{"id":4416,"date":"2023-08-22T23:39:17","date_gmt":"2023-08-22T21:39:17","guid":{"rendered":"https:\/\/www.tinytattoosibiza.com\/privacy-policy\/"},"modified":"2024-03-15T05:24:39","modified_gmt":"2024-03-15T04:24:39","slug":"politica-sulla-privacy","status":"publish","type":"page","link":"https:\/\/www.tinytattoosibiza.com\/it\/politica-sulla-privacy\/","title":{"rendered":"Politica sulla Privacy"},"content":{"rendered":"\n<h2 class=\"wp-block-heading\">A) Informazioni sulla raccolta dei dati personali e dettagli di contatto del responsabile<\/h2>\n\n\n\n<p><strong>1.1<\/strong>&nbsp;&nbsp;Siamo lieti che stiate visitando il nostro sito web e vi ringraziamo per il vostro interesse.&nbsp;Di seguito ti informeremo su come vengono gestiti i tuoi dati personali quando utilizzi il nostro sito web.&nbsp;I dati personali sono tutti i dati con i quali potete essere identificati personalmente.<\/p>\n\n\n\n<p><strong>1.2<\/strong>&nbsp;&nbsp;Il responsabile del trattamento dei dati su questo sito web ai sensi del Regolamento generale sulla protezione dei dati (GDPR) \u00e8 Christian Wolf, Ibiza, Tel.: +34 692 807 756, Mail:&nbsp;&nbsp;<a href=\"mailto:info@tinytattoosibiza.com?_x_tr_sl=en&amp;_x_tr_tl=de&amp;_x_tr_hl=en&amp;_x_tr_pto=wapp\">info@tinytattoosibiza.com<\/a>&nbsp;.&nbsp;Il responsabile del trattamento dei dati personali \u00e8 la persona fisica o giuridica che, singolarmente o insieme ad altri, decide in merito alle finalit\u00e0 e ai mezzi del trattamento dei dati personali.<\/p>\n\n\n\n<p><strong>1.3<\/strong>&nbsp;&nbsp;Il responsabile non ha nominato un responsabile della protezione dei dati per questo sito web.<\/p>\n\n\n\n<p><strong>1.4<\/strong>&nbsp;&nbsp;Per motivi di sicurezza e per proteggere la trasmissione di dati personali e altri contenuti riservati (ad esempio ordini o richieste alla persona responsabile), questo sito Web utilizza SSL o.&nbsp;Crittografia TLS.&nbsp;Potete riconoscere una connessione criptata dalla stringa \u201chttps:\/\/\u201d e dal simbolo del lucchetto nella riga del vostro browser.<\/p>\n\n\n\n<h2 class=\"wp-block-heading\">B) Raccolta dei dati quando visiti il \u200b\u200bnostro sito web<\/h2>\n\n\n\n<p>Se utilizzate il nostro sito web solo a scopo informativo, cio\u00e8 se non vi registrate o non ci fornite informazioni in altro modo, raccogliamo solo i dati che il vostro browser trasmette al nostro server (i cosiddetti &#8220;file di registro del server&#8221;).&nbsp;Quando accedi al nostro sito web, raccogliamo i seguenti dati, che sono tecnicamente necessari per mostrarti il \u200b\u200bsito web:<\/p>\n\n\n\n<ul class=\"wp-block-list\">\n<li>Il nostro sito web visitato<\/li>\n\n\n\n<li>Data e ora al momento dell&#8217;accesso<\/li>\n\n\n\n<li>Quantit\u00e0 di dati inviati in byte<\/li>\n\n\n\n<li>Fonte\/riferimento da cui sei arrivato alla pagina<\/li>\n\n\n\n<li>Browser utilizzato<\/li>\n\n\n\n<li>Sistema operativo utilizzato<\/li>\n\n\n\n<li>Indirizzo IP utilizzato (se necessario: in forma anonimizzata)<\/li>\n<\/ul>\n\n\n\n<p>Il trattamento viene effettuato ai sensi dell&#8217;articolo 6 paragrafo 1 lettera f del GDPR sulla base del nostro legittimo interesse a migliorare la stabilit\u00e0 e la funzionalit\u00e0 del nostro sito web.&nbsp;I dati non verranno diffusi n\u00e9 utilizzati in altro modo.&nbsp;Ci riserviamo tuttavia il diritto di verificare successivamente i file di registro del server se vi sono indizi concreti di un utilizzo illegale.<\/p>\n\n\n\n<h2 class=\"wp-block-heading\">C) Cookie<\/h2>\n\n\n\n<p>Per rendere attraente la visita del nostro sito web e per consentire l&#8217;utilizzo di determinate funzioni, utilizziamo i cosiddetti cookie su diverse pagine.&nbsp;Si tratta di piccoli file di testo che vengono memorizzati sul tuo dispositivo.&nbsp;Alcuni dei cookie da noi utilizzati vengono cancellati al termine della sessione del browser, ovvero dopo aver chiuso il browser (i cosiddetti cookie di sessione).&nbsp;Altri cookie rimangono sul tuo dispositivo e consentono a noi o alle nostre societ\u00e0 partner (cookie di terze parti) di riconoscere il tuo browser alla tua prossima visita (cookie persistenti).&nbsp;Se vengono impostati i cookie, questi raccolgono ed elaborano individualmente determinate informazioni dell&#8217;utente come i dati del browser e della posizione, nonch\u00e9 i valori dell&#8217;indirizzo IP.&nbsp;I cookie persistenti vengono automaticamente cancellati dopo un periodo di tempo specificato.<\/p>\n\n\n\n<p>Se i dati personali vengono trattati anche attraverso singoli cookie da noi implementati, il trattamento avviene ai sensi dell&#8217;art.&nbsp;6 par.&nbsp;1 lit.&nbsp;f GDPR per proteggere i nostri interessi legittimi nella migliore funzionalit\u00e0 possibile del sito web e in una progettazione efficace e orientata al cliente della visita della pagina.<\/p>\n\n\n\n<p>Potremmo collaborare con partner pubblicitari che ci aiutano a rendere il nostro sito web pi\u00f9 interessante per te.&nbsp;A questo scopo, quando visitate il nostro sito web, sul vostro disco rigido vengono memorizzati anche cookie di aziende partner (cookie di terze parti).&nbsp;Se collaboriamo con i suddetti partner pubblicitari, nei paragrafi seguenti verrete informati individualmente e separatamente sull&#8217;utilizzo di tali cookie e sulla portata delle informazioni raccolte di volta in volta.<\/p>\n\n\n\n<p>Tieni presente che puoi impostare il tuo browser in modo da essere informato sull&#8217;impostazione dei cookie e poter decidere individualmente se accettarli o escludere l&#8217;accettazione dei cookie per determinati casi o in generale.&nbsp;Ciascun browser differisce nel modo in cui gestisce le impostazioni dei cookie.&nbsp;Ci\u00f2 \u00e8 descritto nel menu di aiuto di ciascun browser, che spiega come modificare le impostazioni dei cookie.&nbsp;Potete trovarli per i rispettivi browser ai seguenti link:<\/p>\n\n\n\n<ul class=\"wp-block-list\">\n<li>Internet Explorer: https:\/\/support.microsoft.com\/de-de\/help\/17442\/windowsinternet-explorer-delete-manage-cookies<\/li>\n\n\n\n<li>Firefox: https:\/\/support.mozilla.org\/de\/kb\/cookies-erlauben-und-ablehne<\/li>\n\n\n\n<li>Chrome: https:\/\/support.google.com\/chrome\/answer\/95647?hl=de&amp;hlrm=it<\/li>\n\n\n\n<li>Safari: https:\/\/support.apple.com\/kb\/ph21411?locale=de_DE<\/li>\n\n\n\n<li>Opera: http:\/\/help.opera.com\/Windows\/10.20\/de\/cookies.html<\/li>\n<\/ul>\n\n\n\n<p>Tieni presente che se non accetti i cookie, la funzionalit\u00e0 del nostro sito web potrebbe essere limitata.<\/p>\n\n\n\n<h2 class=\"wp-block-heading\">D) Contatto<\/h2>\n\n\n\n<p>Quando ci contatti (ad esempio tramite modulo di contatto o e-mail), vengono raccolti dati personali.&nbsp;Quali dati vengono raccolti nel caso di un modulo di contatto possono essere visualizzati dal rispettivo modulo di contatto.&nbsp;Questi dati vengono memorizzati e utilizzati esclusivamente allo scopo di rispondere alla vostra richiesta o per contattare voi e l&#8217;amministrazione tecnica associata.&nbsp;La base giuridica per il trattamento dei dati \u00e8 il nostro legittimo interesse a rispondere alla vostra richiesta ai sensi dell&#8217;articolo 6, paragrafo 1, lettera f) GDPR.&nbsp;Se il vostro contatto \u00e8 finalizzato alla conclusione di un contratto, la base giuridica aggiuntiva per il trattamento \u00e8 l&#8217;articolo 6, paragrafo 1, lettera b) GDPR.&nbsp;I tuoi dati verranno cancellati una volta elaborata la tua richiesta;&nbsp;questo \u00e8 il caso se le circostanze lo indicano<\/p>\n\n\n\n<h2 class=\"wp-block-heading\">E) Funzione commento<\/h2>\n\n\n\n<p>Nell&#8217;ambito della funzione di commento su questo sito web, oltre al tuo commento, le informazioni sull&#8217;ora in cui \u00e8 stato creato il commento e il nome del commentatore che hai scelto vengono salvate e pubblicate sul sito web.&nbsp;Inoltre, il tuo indirizzo IP viene registrato e memorizzato.&nbsp;Questa memorizzazione dell&#8217;indirizzo IP avviene per motivi di sicurezza e nel caso in cui l&#8217;interessato violi i diritti di terzi o pubblichi contenuti illegali attraverso un commento fatto.&nbsp;Abbiamo bisogno del tuo indirizzo email per contattarti nel caso in cui una terza parte dovesse lamentarsi che il contenuto che hai pubblicato \u00e8 illegale.&nbsp;La base giuridica per la memorizzazione dei vostri dati \u00e8 l&#8217;articolo 6 paragrafo 1 lettere b ed f GDPR.&nbsp;Ci riserviamo il diritto di cancellare i commenti se vengono criticati da terzi come illegali.<\/p>\n\n\n\n<h2 class=\"wp-block-heading\">F) Servizi di analisi web<\/h2>\n\n\n\n<p><strong>Google (universale) Analytics<\/strong><br>\u2013 Google Analytics<\/p>\n\n\n\n<p>Questo sito web utilizza Google Analytics, un servizio di analisi web fornito da Google LLC, 1600 Amphitheatre Parkway, Mountain View, CA 94043, USA (&#8220;Google&#8221;).&nbsp;Google Analytics utilizza i cosiddetti &#8220;cookie&#8221;, file di testo che vengono memorizzati sul vostro computer e che consentono di analizzare il vostro utilizzo del sito web.&nbsp;Le informazioni generate dal cookie sull&#8217;utilizzo di questo sito web (compreso l&#8217;indirizzo IP abbreviato) vengono solitamente trasmesse a un server di Google negli Stati Uniti e ivi memorizzate.<\/p>\n\n\n\n<p>Questo sito web utilizza Google Analytics esclusivamente con l&#8217;estensione \u201c_anonymizeIp()\u201d, che garantisce l&#8217;anonimizzazione dell&#8217;indirizzo IP abbreviandolo ed esclude qualsiasi riferimento diretto a una persona.&nbsp;Attraverso l&#8217;estensione, il vostro indirizzo IP verr\u00e0 abbreviato da Google all&#8217;interno degli stati membri dell&#8217;Unione Europea o in altri stati contraenti dell&#8217;accordo sullo Spazio economico europeo.&nbsp;Solo in casi eccezionali l&#8217;indirizzo IP completo verr\u00e0 trasmesso a un server di Google negli Stati Uniti e l\u00ec abbreviato.&nbsp;In questi casi eccezionali il trattamento avviene ai sensi dell&#8217;articolo 6 capoverso 1 lettera f RGPD sulla base del nostro legittimo interesse all&#8217;analisi statistica del comportamento degli utenti per scopi di ottimizzazione e marketing.<\/p>\n\n\n\n<p>Per nostro conto, Google utilizzer\u00e0 queste informazioni per valutare il vostro utilizzo del sito web, compilare report sulle attivit\u00e0 del sito web e fornirci altri servizi relativi alle attivit\u00e0 del sito web e all&#8217;utilizzo di Internet.&nbsp;L&#8217;indirizzo IP trasmesso dal tuo browser come parte di Google Analytics non viene unito ad altri dati di Google.<\/p>\n\n\n\n<p>Potete impedire la memorizzazione dei cookie impostando di conseguenza il software del vostro browser;&nbsp;Le facciamo tuttavia presente che in questo caso potrebbe non essere possibile utilizzare tutte le funzioni di questo sito web nella loro totalit\u00e0.&nbsp;Potete anche impedire a Google di raccogliere i dati generati dal cookie e relativi al vostro utilizzo del sito web (compreso il vostro indirizzo IP) e di elaborare questi dati da parte di Google scaricando e installando il plug-in del browser disponibile al seguente link:<br>http :\/\/tools.google.com\/dlpage\/gaoptout?hl=de<\/p>\n\n\n\n<p>In alternativa al plug-in del browser o all&#8217;interno dei browser sui dispositivi mobili, fare clic sul seguente collegamento per impostare un cookie di opt-out, che impedir\u00e0 la futura raccolta da parte di Google Analytics all&#8217;interno di questo sito web (questo cookie di opt-out funziona solo in questo browser e solo per questo dominio, se elimini i cookie in questo browser, devi cliccare nuovamente su questo link):<\/p>\n\n\n\n<p><strong>Disattiva Google Analytics<\/strong><br>Google LLC, con sede negli USA, \u00e8 certificata per l&#8217;accordo europeo-americano sulla protezione dei dati \u201cPrivacy Shield\u201d, che garantisce il rispetto del livello di protezione dei dati applicabile nell&#8217;UE.<\/p>\n\n\n\n<p>Puoi trovare ulteriori informazioni su come Google Analytics gestisce i dati degli utenti nell&#8217;informativa sulla privacy di Google:<br>https:\/\/support.google.com\/analytics\/answer\/6004245?hl=de<\/p>\n\n\n\n<h2 class=\"wp-block-heading\">G) Attrezzi e varie<\/h2>\n\n\n\n<p><strong>7.1 Google Maps<\/strong><br>Sul nostro sito web utilizziamo Google Maps (API) di Google LLC., 1600 Amphitheatre Parkway, Mountain View, CA 94043, USA (&#8220;Google&#8221;).&nbsp;Google Maps \u00e8 un servizio web per la visualizzazione di mappe interattive (terrestri) per visualizzare visivamente informazioni geografiche.&nbsp;Utilizzando questo servizio ti verr\u00e0 mostrata la nostra posizione e qualsiasi viaggio sar\u00e0 reso pi\u00f9 semplice.<\/p>\n\n\n\n<p>Quando accedete alle sottopagine in cui \u00e8 integrata la mappa di Google Maps, le informazioni sul vostro utilizzo del nostro sito web (come ad esempio il vostro indirizzo IP) verranno trasmesse ai server di Google negli Stati Uniti e ivi memorizzate.&nbsp;Ci\u00f2 avviene indipendentemente dal fatto che Google fornisca un account utente tramite il quale hai effettuato l&#8217;accesso o che non esista un account utente.&nbsp;Se hai effettuato l&#8217;accesso a Google, i tuoi dati verranno assegnati direttamente al tuo account.&nbsp;Se non desideri che il tuo profilo venga associato a Google, devi effettuare il logout prima di attivare il pulsante.&nbsp;Google salva i tuoi dati (anche per gli utenti che non hanno effettuato l&#8217;accesso) come profili di utilizzo e li valuta.&nbsp;Tale valutazione avviene in particolare ai sensi dell&#8217;art.&nbsp;6 par.&nbsp;1 lit.&nbsp;f GDPR basato sugli interessi legittimi di Google nella visualizzazione di pubblicit\u00e0 personalizzata, ricerche di mercato e\/o adattamento del proprio sito web per soddisfare le vostre esigenze.&nbsp;Hai il diritto di opporti alla creazione di questi profili utente;&nbsp;per esercitarlo \u00e8 necessario contattare Google.<\/p>\n\n\n\n<p>Google LLC, con sede negli Stati Uniti, \u00e8 certificata per l&#8217;accordo sulla protezione dei dati USA-Europa &#8220;Privacy Shield&#8221;, che garantisce il rispetto del livello di protezione dei dati applicabile nell&#8217;UE.<\/p>\n\n\n\n<p>Se non acconsenti alla futura trasmissione dei tuoi dati a Google durante l&#8217;utilizzo di Google Maps, hai anche la possibilit\u00e0 di disattivare completamente il servizio web di Google Maps disattivando l&#8217;applicazione JavaScript nel tuo browser.&nbsp;In questo caso non \u00e8 possibile utilizzare Google Maps e quindi la visualizzazione della mappa su questo sito web.<\/p>\n\n\n\n<p>Puoi consultare i termini di utilizzo di Google all&#8217;indirizzo http:\/\/www.google.de\/intl\/de\/policies\/terms\/regional.html;&nbsp;le ulteriori condizioni di utilizzo di Google Maps si trovano su https:\/\/www.google.com\/intl \/de_US\/help\/terms_maps.html Informazioni dettagliate sulla protezione dei dati in relazione all&#8217;utilizzo di Google Maps si trovano sul sito di Google sito web (\u201cInformativa sulla privacy di Google\u201d): http:\/\/www.google.de\/intl\/de\/policies \/privacy\/<\/p>\n\n\n\n<p><strong>7.2 Google Web Fonts<\/strong><br>Questo sito utilizza i cosiddetti web font per la visualizzazione uniforme dei caratteri, forniti da Google LLC., 1600 Amphitheatre Parkway, Mountain View, CA 94043, USA (&#8220;Google&#8221;).&nbsp;Quando accedi a una pagina, il tuo browser carica i web font necessari nella cache del browser per visualizzare correttamente testi e caratteri.<\/p>\n\n\n\n<p>A tale scopo il browser da voi utilizzato deve connettersi ai server di Google.&nbsp;In questo modo Google viene a conoscenza che il nostro sito web \u00e8 stato visitato tramite il tuo indirizzo IP.&nbsp;L&#8217;utilizzo di Google Web Fonts \u00e8 nell&#8217;interesse di una presentazione uniforme e attraente della nostra offerta online.&nbsp;Ci\u00f2 rappresenta un interesse legittimo ai sensi dell&#8217;articolo 6 paragrafo 1 lettera f del GDPR.&nbsp;Se il tuo browser non supporta i caratteri web, il tuo computer utilizzer\u00e0 un carattere standard.<\/p>\n\n\n\n<p>Google LLC, con sede negli Stati Uniti, \u00e8 certificata per l&#8217;accordo sulla protezione dei dati USA-Europa &#8220;Privacy Shield&#8221;, che garantisce il rispetto del livello di protezione dei dati applicabile nell&#8217;UE.<\/p>\n\n\n\n<p>Ulteriori informazioni su Google Web Fonts sono disponibili su https:\/\/developers.google.com\/fonts\/faq e nell&#8217;informativa sulla privacy di Google: https:\/\/www.google.com\/policies\/privacy\/<\/p>\n\n\n\n<h2 class=\"wp-block-heading\">H) Diritti dell&#8217;interessato<\/h2>\n\n\n\n<p><strong>8.1<\/strong>&nbsp;&nbsp;La legge applicabile sulla protezione dei dati ti garantisce<br>ampi diritti dell&#8217;interessato (diritto di informazione e diritto di intervento) nei confronti del responsabile del trattamento dei tuoi dati personali<br>, di cui<br>ti informeremo di seguito:<\/p>\n\n\n\n<ul class=\"wp-block-list\">\n<li>Diritto all&#8217;informazione ai sensi dell&#8217;art.&nbsp;15 GDPR: In particolare, hai diritto a ottenere informazioni sui tuoi dati personali da noi trattati, sulle finalit\u00e0 del trattamento, sulle categorie di dati personali trattati, sui destinatari o sulle categorie di destinatari a cui i tuoi dati sono stati o saranno comunicati, sulle modalit\u00e0 previste Periodo di conservazione o criteri per determinare il periodo di conservazione, esistenza di un diritto di rettifica, cancellazione, limitazione del trattamento, opposizione al trattamento, reclamo a un&#8217;autorit\u00e0 di controllo, origine dei vostri dati se non sono stati raccolti presso di voi da noi, l&#8217;esistenza di un processo decisionale automatizzato, compresa la profilazione e, se necessario, informazioni significative sulla logica utilizzata, la portata che vi riguarda e gli effetti previsti di tale trattamento, nonch\u00e9 il vostro diritto di essere informati sulle garanzie esistenti ai sensi dell&#8217;art.&nbsp;46 GDPR quando i tuoi dati vengono inoltrati verso paesi terzi;<\/li>\n\n\n\n<li>Diritto di rettifica ai sensi dell&#8217;art.&nbsp;16 GDPR: avete il diritto alla rettifica immediata dei dati errati che vi riguardano e\/o all&#8217;integrazione dei dati incompleti da noi conservati;<\/li>\n\n\n\n<li>Diritto alla cancellazione ai sensi dell&#8217;art.&nbsp;17 GDPR: avete il diritto di richiedere la cancellazione dei vostri dati personali se sono soddisfatti i requisiti dell&#8217;art.&nbsp;17 comma 1 GDPR sono rispettate.&nbsp;Tuttavia, questo diritto non si applica in particolare se il trattamento \u00e8 necessario per esercitare il diritto alla libert\u00e0 di espressione e di informazione, per adempiere a un obbligo legale, per motivi di interesse pubblico o per far valere, esercitare o difendere diritti legali;<\/li>\n\n\n\n<li>Diritto alla limitazione del trattamento ai sensi dell&#8217;art.&nbsp;18 GDPR: Hai il diritto di richiedere la limitazione del trattamento dei tuoi dati personali purch\u00e9 venga verificata l&#8217;esattezza dei tuoi dati che contesti, se ti rifiuti di cancellare i tuoi dati a causa di un trattamento illecito dei dati e richiedi invece la limitazione del trattamento trattamento dei tuoi dati se hai bisogno dei tuoi dati per far valere, esercitare o difendere diritti legali dopo che non abbiamo pi\u00f9 bisogno di questi dati dopo che lo scopo \u00e8 stato raggiunto o se hai presentato un&#8217;opposizione per motivi relativi alla tua situazione particolare purch\u00e9 non lo sia tuttavia \u00e8 chiaro se i nostri interessi legittimi siano ragioni predominanti;<\/li>\n\n\n\n<li>Diritto all&#8217;informazione ai sensi dell&#8217;art.&nbsp;19 GDPR: Se avete fatto valere il diritto di rettifica, cancellazione o limitazione del trattamento nei confronti del responsabile del trattamento, il responsabile \u00e8 tenuto a informare tutti i destinatari ai quali sono stati comunicati i dati personali che vi riguardano di tale rettifica o cancellazione dei dati o limitazione del trattamento, salvo che ci\u00f2 si riveli impossibile o implichi uno sforzo sproporzionato.&nbsp;Hai il diritto di essere informato su questi destinatari.<\/li>\n\n\n\n<li>Diritto alla portabilit\u00e0 dei dati ai sensi dell&#8217;art.&nbsp;20 GDPR: avete il diritto di ricevere i dati personali che ci avete fornito in un formato strutturato, comune e leggibile da una macchina o di chiedere che siano trasmessi a un&#8217;altra persona responsabile, nella misura in cui ci\u00f2 sia tecnicamente fattibile;<\/li>\n\n\n\n<li>Diritto di revocare il consenso prestato ai sensi dell&#8217;art.&nbsp;7 par.&nbsp;3 GDPR: avete il diritto di revocare in qualsiasi momento il vostro consenso al trattamento dei dati con effetto per il futuro.&nbsp;In caso di revoca cancelleremo immediatamente i dati in questione, a meno che un ulteriore trattamento non possa fondarsi su una base giuridica per un trattamento senza consenso.&nbsp;La revoca del consenso non pregiudica la liceit\u00e0 del trattamento effettuato basata sul consenso prima della sua revoca;<\/li>\n\n\n\n<li>Diritto di reclamo ai sensi dell&#8217;art.&nbsp;77 GDPR: Se ritieni che il trattamento dei dati personali che ti riguardano violi il GDPR, hai il diritto \u2013 fatto salvo ogni altro ricorso amministrativo o giurisdizionale \u2013 di proporre reclamo a un&#8217;autorit\u00e0 di controllo, in particolare negli Stati Uniti Stato di residenza, luogo di lavoro o luogo della presunta violazione.<\/li>\n<\/ul>\n\n\n\n<p><strong>8.2 Diritto di opposizione<\/strong><br>Se trattiamo i vostri dati personali sulla base del nostro interesse legittimo prevalente nell&#8217;ambito di un bilanciamento degli interessi, avete il diritto di opporvi in \u200b\u200bqualsiasi momento a questo trattamento con effetto futuro per motivi derivanti dalla vostra situazione particolare.<\/p>\n\n\n\n<p>Se eserciti il \u200b\u200btuo diritto di opposizione, interromperemo il trattamento dei dati in questione.&nbsp;Tuttavia, ci si riserva un ulteriore trattamento se possiamo dimostrare validi motivi legittimi per il trattamento che prevalgono sui vostri interessi, diritti e libert\u00e0 fondamentali, o se il trattamento serve a far valere, esercitare o difendere diritti legali.<\/p>\n\n\n\n<p>Se i tuoi dati personali vengono trattati da noi a fini di pubblicit\u00e0 diretta, hai il diritto di opporti in qualsiasi momento al trattamento dei tuoi dati personali ai fini di tale pubblicit\u00e0.&nbsp;Puoi esercitare la tua opposizione come descritto sopra.<\/p>\n\n\n\n<p>Se eserciti il \u200b\u200btuo diritto di opposizione, interromperemo il trattamento dei dati in questione per scopi pubblicitari diretti.<\/p>\n\n\n\n<h2 class=\"wp-block-heading\">I) Durata della conservazione dei dati personali<\/h2>\n\n\n\n<p>La durata della conservazione dei dati personali \u00e8 determinata in base al rispettivo periodo di conservazione legale (ad esempio periodi di conservazione commerciale e fiscale).&nbsp;Dopo la scadenza del termine, i dati rilevanti verranno regolarmente cancellati, a meno che non siano pi\u00f9 necessari per l&#8217;adempimento o l&#8217;esecuzione del contratto e\/o non abbiamo alcun interesse legittimo a continuare a conservarli.<\/p>\n","protected":false},"excerpt":{"rendered":"<p>A) Informazioni sulla raccolta dei dati personali e dettagli di contatto del responsabile 1.1&nbsp;&nbsp;Siamo lieti che stiate visitando il nostro sito web e vi ringraziamo per il vostro interesse.&nbsp;Di seguito ti informeremo su come vengono gestiti i tuoi dati personali quando utilizzi il nostro sito web.&nbsp;I dati personali sono tutti i dati con i quali &hellip; <a href=\"https:\/\/www.tinytattoosibiza.com\/it\/politica-sulla-privacy\/\" class=\"more-link\">Continue reading<span class=\"screen-reader-text\"> &#8220;Politica sulla Privacy&#8221;<\/span><\/a><\/p>\n","protected":false},"author":1,"featured_media":0,"parent":0,"menu_order":0,"comment_status":"closed","ping_status":"open","template":"","meta":{"_acf_changed":false,"two_page_speed":[],"footnotes":""},"class_list":["post-4416","page","type-page","status-publish","hentry"],"acf":[],"aioseo_notices":[],"_links":{"self":[{"href":"https:\/\/www.tinytattoosibiza.com\/it\/wp-json\/wp\/v2\/pages\/4416","targetHints":{"allow":["GET"]}}],"collection":[{"href":"https:\/\/www.tinytattoosibiza.com\/it\/wp-json\/wp\/v2\/pages"}],"about":[{"href":"https:\/\/www.tinytattoosibiza.com\/it\/wp-json\/wp\/v2\/types\/page"}],"author":[{"embeddable":true,"href":"https:\/\/www.tinytattoosibiza.com\/it\/wp-json\/wp\/v2\/users\/1"}],"replies":[{"embeddable":true,"href":"https:\/\/www.tinytattoosibiza.com\/it\/wp-json\/wp\/v2\/comments?post=4416"}],"version-history":[{"count":1,"href":"https:\/\/www.tinytattoosibiza.com\/it\/wp-json\/wp\/v2\/pages\/4416\/revisions"}],"predecessor-version":[{"id":4422,"href":"https:\/\/www.tinytattoosibiza.com\/it\/wp-json\/wp\/v2\/pages\/4416\/revisions\/4422"}],"wp:attachment":[{"href":"https:\/\/www.tinytattoosibiza.com\/it\/wp-json\/wp\/v2\/media?parent=4416"}],"curies":[{"name":"wp","href":"https:\/\/api.w.org\/{rel}","templated":true}]}}