{"id":8901,"date":"2023-08-26T23:15:32","date_gmt":"2023-08-26T21:15:32","guid":{"rendered":"https:\/\/www.tinytattoosibiza.com\/impressum\/"},"modified":"2026-01-28T17:55:56","modified_gmt":"2026-01-28T16:55:56","slug":"impressum","status":"publish","type":"page","link":"https:\/\/www.tinytattoosibiza.com\/it\/impressum\/","title":{"rendered":"Imprint"},"content":{"rendered":"\r\n<p>Tattoo Longe S.l<br \/>B 566 39 578<br \/>Christian Wolf<br \/>Carrer del Canari 2 Ap 4<br \/>07819 Jesus. Ibiza<\/p>\r\n<p><strong>Rappresentato da:<\/strong> Christian Wolf<\/p>\r\n<p><strong>Contatti:<\/strong><br \/>Telefono: +34 612 405 357<br \/>E-mail: <a href=\"mailto:info@tattoosibiza.com\">info@tattoosibiza.com<\/a><\/p>\r\n<h2 class=\"wp-block-heading\">Esclusione di responsabilit\u00e0:<\/h2>\r\n<p><strong>Responsabilit\u00e0 per i contenuti<\/strong><br \/>I contenuti del nostro sito web sono stati redatti con la massima cura. Tuttavia, non possiamo assumerci alcuna responsabilit\u00e0 per la correttezza, la completezza e l&#8217;attualit\u00e0 dei contenuti. In qualit\u00e0 di fornitori di servizi, siamo responsabili dei nostri contenuti su queste pagine ai sensi del \u00a7 7 comma 1 TMG (Legge tedesca sui media telematici) e delle leggi generali. Ai sensi dei \u00a7\u00a7 da 8 a 10 TMG, tuttavia, in qualit\u00e0 di fornitori di servizi non siamo obbligati a monitorare le informazioni trasmesse o memorizzate da terzi n\u00e9 a indagare su circostanze che indicano attivit\u00e0 illegali. Gli obblighi di rimuovere o bloccare l&#8217;uso delle informazioni in conformit\u00e0 con la legislazione generale rimangono invariati. Tuttavia, la responsabilit\u00e0 in tal senso \u00e8 possibile solo a partire dal momento in cui si viene a conoscenza di una violazione specifica. Non appena veniamo a conoscenza di tali violazioni, provvederemo a rimuovere immediatamente tali contenuti.<\/p>\r\n<p><strong>Responsabilit\u00e0 per i link<br \/><\/strong>Il nostro sito web contiene link a siti web esterni di terzi sui cui contenuti non abbiamo alcuna influenza. Pertanto, non possiamo assumerci alcuna responsabilit\u00e0 per questi contenuti di terzi. Il rispettivo fornitore o gestore delle pagine \u00e8 sempre responsabile del contenuto delle pagine collegate. Le pagine collegate sono state controllate al momento del collegamento per verificare la presenza di eventuali violazioni legali. Al momento del collegamento non sono stati riscontrati contenuti illegali. Tuttavia, un monitoraggio permanente del contenuto delle pagine collegate non \u00e8 ragionevole senza prove concrete di una violazione. Se veniamo a conoscenza di violazioni legali, provvederemo a rimuovere immediatamente tali link.<\/p>\r\n<h3 class=\"wp-block-heading\">Copyright<\/h3>\r\n<p>I contenuti e le opere creati dagli operatori del sito su queste pagine sono soggetti alla legge tedesca sul diritto d&#8217;autore. La duplicazione, l&#8217;elaborazione, la distribuzione e qualsiasi tipo di utilizzo al di fuori dei limiti della legge sul diritto d&#8217;autore richiedono il consenso scritto del rispettivo autore o creatore. Il download e la copia di questo sito sono consentiti solo per uso privato e non commerciale. Nella misura in cui i contenuti di questo sito non sono stati creati dal gestore, i diritti d&#8217;autore di terzi sono rispettati. In particolare, i contenuti di terzi sono contrassegnati come tali. Se tuttavia dovessi venire a conoscenza di una violazione del diritto d&#8217;autore, ti preghiamo di informarci. Se veniamo a conoscenza di eventuali violazioni, provvederemo a rimuovere immediatamente tali contenuti.<\/p>\r\n<h4 class=\"wp-block-heading\">Protezione dei dati<\/h4>\r\n<p>L&#8217;utilizzo del nostro sito web \u00e8 generalmente possibile senza fornire dati personali. Se sul nostro sito web vengono raccolti dati personali (ad es. nome, indirizzo o indirizzi e-mail), ci\u00f2 avviene sempre su base volontaria, per quanto possibile. Questi dati non saranno trasmessi a terzi senza il vostro esplicito consenso.<\/p>\r\n<p>Desideriamo sottolineare che la trasmissione di dati via Internet (ad esempio nella comunicazione via e-mail) pu\u00f2 essere soggetta a vulnerabilit\u00e0 di sicurezza. Non \u00e8 possibile garantire una protezione completa dei dati dall&#8217;accesso di terzi. Con la presente vietiamo espressamente l&#8217;utilizzo dei dati di contatto pubblicati nell&#8217;ambito dell&#8217;obbligo di impressum da parte di terzi per l&#8217;invio di materiale pubblicitario e informativo non richiesto. I gestori del sito web si riservano espressamente il diritto di intraprendere azioni legali in caso di invio non richiesto di informazioni pubblicitarie, come ad esempio e-mail di spam.<\/p>\r\n<h5 class=\"wp-block-heading\">Google Analytics<\/h5>\r\n<p>Questo sito web utilizza Google Analytics, un servizio di analisi web fornito da Google Inc (&#8220;Google&#8221;). Google Analytics utilizza dei &#8220;cookies&#8221;, che sono file di testo che vengono depositati sul vostro computer per consentire al sito web di analizzare come gli utenti utilizzano il sito. Le informazioni generate dal cookie sull&#8217;utilizzo del sito web da parte vostra (compreso il vostro indirizzo IP) verranno trasmesse a, e depositate presso i server di Google negli Stati Uniti. Google utilizzer\u00e0 queste informazioni allo scopo di analizzare l&#8217;utilizzo del sito web da parte dell&#8217;utente, compilare report sulle attivit\u00e0 del sito web per gli operatori del sito web e fornire altri servizi relativi alle attivit\u00e0 del sito web e all&#8217;utilizzo di Internet. Google pu\u00f2 anche trasferire queste informazioni a terzi ove ci\u00f2 sia imposto dalla legge o laddove tali terzi trattino le informazioni per conto di Google. Google non assocer\u00e0 l&#8217;indirizzo IP dell&#8217;utente a nessun altro dato posseduto da Google. L&#8217;utente pu\u00f2 rifiutare l&#8217;uso dei cookie selezionando le impostazioni appropriate sul proprio browser, tuttavia si prega di notare che in tal caso potrebbe non essere in grado di utilizzare tutte le funzionalit\u00e0 di questo sito web. Utilizzando questo sito web, l&#8217;utente acconsente al trattamento dei dati che lo riguardano da parte di Google secondo le modalit\u00e0 e per le finalit\u00e0 sopra indicate.<\/p>\r\n","protected":false},"excerpt":{"rendered":"<p>Tattoo Longe S.lB 566 39 578Christian WolfCarrer del Canari 2 Ap 407819 Jesus. Ibiza Rappresentato da: Christian Wolf Contatti:Telefono: +34 612 405 357E-mail: info@tattoosibiza.com Esclusione di responsabilit\u00e0: Responsabilit\u00e0 per i contenutiI contenuti del nostro sito web sono stati redatti con la massima cura. Tuttavia, non possiamo assumerci alcuna responsabilit\u00e0 per la correttezza, la completezza e &hellip; <a href=\"https:\/\/www.tinytattoosibiza.com\/it\/impressum\/\" class=\"more-link\">Continue reading<span class=\"screen-reader-text\"> &#8220;Imprint&#8221;<\/span><\/a><\/p>\n","protected":false},"author":1,"featured_media":0,"parent":0,"menu_order":0,"comment_status":"closed","ping_status":"closed","template":"","meta":{"_acf_changed":false,"two_page_speed":[],"footnotes":""},"class_list":["post-8901","page","type-page","status-publish","hentry"],"acf":[],"aioseo_notices":[],"_links":{"self":[{"href":"https:\/\/www.tinytattoosibiza.com\/it\/wp-json\/wp\/v2\/pages\/8901","targetHints":{"allow":["GET"]}}],"collection":[{"href":"https:\/\/www.tinytattoosibiza.com\/it\/wp-json\/wp\/v2\/pages"}],"about":[{"href":"https:\/\/www.tinytattoosibiza.com\/it\/wp-json\/wp\/v2\/types\/page"}],"author":[{"embeddable":true,"href":"https:\/\/www.tinytattoosibiza.com\/it\/wp-json\/wp\/v2\/users\/1"}],"replies":[{"embeddable":true,"href":"https:\/\/www.tinytattoosibiza.com\/it\/wp-json\/wp\/v2\/comments?post=8901"}],"version-history":[{"count":1,"href":"https:\/\/www.tinytattoosibiza.com\/it\/wp-json\/wp\/v2\/pages\/8901\/revisions"}],"predecessor-version":[{"id":8907,"href":"https:\/\/www.tinytattoosibiza.com\/it\/wp-json\/wp\/v2\/pages\/8901\/revisions\/8907"}],"wp:attachment":[{"href":"https:\/\/www.tinytattoosibiza.com\/it\/wp-json\/wp\/v2\/media?parent=8901"}],"curies":[{"name":"wp","href":"https:\/\/api.w.org\/{rel}","templated":true}]}}